{"id":2059,"date":"2025-10-31T11:54:00","date_gmt":"2025-10-31T03:54:00","guid":{"rendered":"https:\/\/synnorelectric.com\/?post_type=product&#038;p=2059"},"modified":"2025-11-20T16:56:47","modified_gmt":"2025-11-20T08:56:47","slug":"boite-de-disjoncteur-abspc-haute-qualite-serie-sn-ht-boite-etanche-haute-resistance","status":"publish","type":"product","link":"https:\/\/synnorelectric.com\/fr\/product\/boite-de-disjoncteur-abspc-haute-qualite-serie-sn-ht-boite-etanche-haute-resistance\/","title":{"rendered":"Bo\u00eetier \u00e9lectrique de disjoncteur en plastique ABS s\u00e9rie SN-HT et couvercle en polycarbonate IP65 pour disjoncteur mural int\u00e9rieur\/ext\u00e9rieur"},"content":{"rendered":"","protected":false},"excerpt":{"rendered":"","protected":false},"featured_media":2060,"template":"","meta":{"_uag_custom_page_level_css":"","site-sidebar-layout":"default","site-content-layout":"","ast-site-content-layout":"default","site-content-style":"default","site-sidebar-style":"default","ast-global-header-display":"","ast-banner-title-visibility":"","ast-main-header-display":"","ast-hfb-above-header-display":"","ast-hfb-below-header-display":"","ast-hfb-mobile-header-display":"","site-post-title":"","ast-breadcrumbs-content":"","ast-featured-img":"","footer-sml-layout":"","theme-transparent-header-meta":"default","adv-header-id-meta":"","stick-header-meta":"","header-above-stick-meta":"","header-main-stick-meta":"","header-below-stick-meta":"","astra-migrate-meta-layouts":"set","ast-page-background-enabled":"default","ast-page-background-meta":{"desktop":{"background-color":"","background-image":"","background-repeat":"repeat","background-position":"center center","background-size":"auto","background-attachment":"scroll","background-type":"","background-media":"","overlay-type":"","overlay-color":"","overlay-opacity":"","overlay-gradient":""},"tablet":{"background-color":"","background-image":"","background-repeat":"repeat","background-position":"center center","background-size":"auto","background-attachment":"scroll","background-type":"","background-media":"","overlay-type":"","overlay-color":"","overlay-opacity":"","overlay-gradient":""},"mobile":{"background-color":"","background-image":"","background-repeat":"repeat","background-position":"center center","background-size":"auto","background-attachment":"scroll","background-type":"","background-media":"","overlay-type":"","overlay-color":"","overlay-opacity":"","overlay-gradient":""}},"ast-content-background-meta":{"desktop":{"background-color":"var(--ast-global-color-5)","background-image":"","background-repeat":"repeat","background-position":"center center","background-size":"auto","background-attachment":"scroll","background-type":"","background-media":"","overlay-type":"","overlay-color":"","overlay-opacity":"","overlay-gradient":""},"tablet":{"background-color":"var(--ast-global-color-5)","background-image":"","background-repeat":"repeat","background-position":"center center","background-size":"auto","background-attachment":"scroll","background-type":"","background-media":"","overlay-type":"","overlay-color":"","overlay-opacity":"","overlay-gradient":""},"mobile":{"background-color":"var(--ast-global-color-5)","background-image":"","background-repeat":"repeat","background-position":"center center","background-size":"auto","background-attachment":"scroll","background-type":"","background-media":"","overlay-type":"","overlay-color":"","overlay-opacity":"","overlay-gradient":""}}},"product_brand":[],"product_cat":[41,66,65],"product_tag":[106],"class_list":{"0":"post-2059","1":"product","2":"type-product","3":"status-publish","4":"has-post-thumbnail","6":"product_cat-uncategorized","7":"product_cat-ht-series-breaker-box","8":"product_cat-waterproof-box","9":"product_tag-ht-box","10":"desktop-align-center","11":"tablet-align-left","12":"mobile-align-left","14":"first","15":"instock","16":"shipping-taxable","17":"product-type-simple"},"yoast_head":"<!-- This site is optimized with the Yoast SEO plugin v26.4 - https:\/\/yoast.com\/wordpress\/plugins\/seo\/ -->\n<title>SN-HT Series ABS Plastic Breaker Electrical Box and PC Cover IP65 for Indoor Outdoor Wall Circuit Breaker - Synnor Electrical Enclosure<\/title>\n<meta name=\"robots\" content=\"index, follow, max-snippet:-1, max-image-preview:large, max-video-preview:-1\" \/>\n<link rel=\"canonical\" href=\"https:\/\/olive-raven-374711.hostingersite.com\/am\/product\/\u12e8sn-ht-\u1270\u12a8\u1273\u1273\u12ed-\u12a8\u134d\u1270\u129b-\u1325\u122b\u1275-\u12eb\u1208\u12cd-\u12e8\u12a0\u1265\u1235\u1355\/\" \/>\n<meta property=\"og:locale\" content=\"fr_FR\" \/>\n<meta property=\"og:type\" content=\"article\" \/>\n<meta property=\"og:title\" content=\"SN-HT Series ABS Plastic Breaker Electrical Box and PC Cover IP65 for Indoor Outdoor Wall Circuit Breaker - Synnor Electrical Enclosure\" \/>\n<meta property=\"og:url\" content=\"https:\/\/olive-raven-374711.hostingersite.com\/am\/product\/\u12e8sn-ht-\u1270\u12a8\u1273\u1273\u12ed-\u12a8\u134d\u1270\u129b-\u1325\u122b\u1275-\u12eb\u1208\u12cd-\u12e8\u12a0\u1265\u1235\u1355\/\" \/>\n<meta property=\"og:site_name\" content=\"Synnor Electrical Enclosure\" \/>\n<meta property=\"article:modified_time\" content=\"2025-11-20T08:56:47+00:00\" \/>\n<meta property=\"og:image\" content=\"https:\/\/synnorelectric.com\/wp-content\/uploads\/2025\/10\/PC\u5f00\u5173\u76d2-\u4e3b\u56fe\u96c6\u5408.png\" \/>\n\t<meta property=\"og:image:width\" content=\"800\" \/>\n\t<meta property=\"og:image:height\" content=\"800\" \/>\n\t<meta property=\"og:image:type\" content=\"image\/png\" \/>\n<meta name=\"twitter:card\" content=\"summary_large_image\" \/>\n<script type=\"application\/ld+json\" class=\"yoast-schema-graph\">{\"@context\":\"https:\/\/schema.org\",\"@graph\":[{\"@type\":\"WebPage\",\"@id\":\"https:\/\/olive-raven-374711.hostingersite.com\/am\/product\/%e1%8b%a8sn-ht-%e1%89%b0%e1%8a%a8%e1%89%b3%e1%89%b3%e1%8b%ad-%e1%8a%a8%e1%8d%8d%e1%89%b0%e1%8a%9b-%e1%8c%a5%e1%88%ab%e1%89%b5-%e1%8b%ab%e1%88%88%e1%8b%8d-%e1%8b%a8%e1%8a%a0%e1%89%a5%e1%88%b5%e1%8d%95\/\",\"url\":\"https:\/\/olive-raven-374711.hostingersite.com\/am\/product\/%e1%8b%a8sn-ht-%e1%89%b0%e1%8a%a8%e1%89%b3%e1%89%b3%e1%8b%ad-%e1%8a%a8%e1%8d%8d%e1%89%b0%e1%8a%9b-%e1%8c%a5%e1%88%ab%e1%89%b5-%e1%8b%ab%e1%88%88%e1%8b%8d-%e1%8b%a8%e1%8a%a0%e1%89%a5%e1%88%b5%e1%8d%95\/\",\"name\":\"SN-HT Series ABS Plastic Breaker Electrical Box and PC Cover IP65 for Indoor Outdoor Wall Circuit Breaker - Synnor Electrical Enclosure\",\"isPartOf\":{\"@id\":\"https:\/\/synnorelectric.com\/pt\/#website\"},\"primaryImageOfPage\":{\"@id\":\"https:\/\/olive-raven-374711.hostingersite.com\/am\/product\/%e1%8b%a8sn-ht-%e1%89%b0%e1%8a%a8%e1%89%b3%e1%89%b3%e1%8b%ad-%e1%8a%a8%e1%8d%8d%e1%89%b0%e1%8a%9b-%e1%8c%a5%e1%88%ab%e1%89%b5-%e1%8b%ab%e1%88%88%e1%8b%8d-%e1%8b%a8%e1%8a%a0%e1%89%a5%e1%88%b5%e1%8d%95\/#primaryimage\"},\"image\":{\"@id\":\"https:\/\/olive-raven-374711.hostingersite.com\/am\/product\/%e1%8b%a8sn-ht-%e1%89%b0%e1%8a%a8%e1%89%b3%e1%89%b3%e1%8b%ad-%e1%8a%a8%e1%8d%8d%e1%89%b0%e1%8a%9b-%e1%8c%a5%e1%88%ab%e1%89%b5-%e1%8b%ab%e1%88%88%e1%8b%8d-%e1%8b%a8%e1%8a%a0%e1%89%a5%e1%88%b5%e1%8d%95\/#primaryimage\"},\"thumbnailUrl\":\"https:\/\/synnorelectric.com\/wp-content\/uploads\/2025\/10\/PC\u5f00\u5173\u76d2-\u4e3b\u56fe\u96c6\u5408.png\",\"datePublished\":\"2025-10-31T03:54:00+00:00\",\"dateModified\":\"2025-11-20T08:56:47+00:00\",\"breadcrumb\":{\"@id\":\"https:\/\/olive-raven-374711.hostingersite.com\/am\/product\/%e1%8b%a8sn-ht-%e1%89%b0%e1%8a%a8%e1%89%b3%e1%89%b3%e1%8b%ad-%e1%8a%a8%e1%8d%8d%e1%89%b0%e1%8a%9b-%e1%8c%a5%e1%88%ab%e1%89%b5-%e1%8b%ab%e1%88%88%e1%8b%8d-%e1%8b%a8%e1%8a%a0%e1%89%a5%e1%88%b5%e1%8d%95\/#breadcrumb\"},\"inLanguage\":\"fr-FR\",\"potentialAction\":[{\"@type\":\"ReadAction\",\"target\":[\"https:\/\/olive-raven-374711.hostingersite.com\/am\/product\/%e1%8b%a8sn-ht-%e1%89%b0%e1%8a%a8%e1%89%b3%e1%89%b3%e1%8b%ad-%e1%8a%a8%e1%8d%8d%e1%89%b0%e1%8a%9b-%e1%8c%a5%e1%88%ab%e1%89%b5-%e1%8b%ab%e1%88%88%e1%8b%8d-%e1%8b%a8%e1%8a%a0%e1%89%a5%e1%88%b5%e1%8d%95\/\"]}]},{\"@type\":\"ImageObject\",\"inLanguage\":\"fr-FR\",\"@id\":\"https:\/\/olive-raven-374711.hostingersite.com\/am\/product\/%e1%8b%a8sn-ht-%e1%89%b0%e1%8a%a8%e1%89%b3%e1%89%b3%e1%8b%ad-%e1%8a%a8%e1%8d%8d%e1%89%b0%e1%8a%9b-%e1%8c%a5%e1%88%ab%e1%89%b5-%e1%8b%ab%e1%88%88%e1%8b%8d-%e1%8b%a8%e1%8a%a0%e1%89%a5%e1%88%b5%e1%8d%95\/#primaryimage\",\"url\":\"https:\/\/synnorelectric.com\/wp-content\/uploads\/2025\/10\/PC\u5f00\u5173\u76d2-\u4e3b\u56fe\u96c6\u5408.png\",\"contentUrl\":\"https:\/\/synnorelectric.com\/wp-content\/uploads\/2025\/10\/PC\u5f00\u5173\u76d2-\u4e3b\u56fe\u96c6\u5408.png\",\"width\":800,\"height\":800,\"caption\":\"sn ht series high quality abs&pc breaker box high strengh w\"},{\"@type\":\"BreadcrumbList\",\"@id\":\"https:\/\/olive-raven-374711.hostingersite.com\/am\/product\/%e1%8b%a8sn-ht-%e1%89%b0%e1%8a%a8%e1%89%b3%e1%89%b3%e1%8b%ad-%e1%8a%a8%e1%8d%8d%e1%89%b0%e1%8a%9b-%e1%8c%a5%e1%88%ab%e1%89%b5-%e1%8b%ab%e1%88%88%e1%8b%8d-%e1%8b%a8%e1%8a%a0%e1%89%a5%e1%88%b5%e1%8d%95\/#breadcrumb\",\"itemListElement\":[{\"@type\":\"ListItem\",\"position\":1,\"name\":\"\u9996\u9875\",\"item\":\"https:\/\/olive-raven-374711.hostingersite.com\/th\/\"},{\"@type\":\"ListItem\",\"position\":2,\"name\":\"Products\",\"item\":\"https:\/\/synnorelectric.com\/pt\/product-2\/\"},{\"@type\":\"ListItem\",\"position\":3,\"name\":\"SN-HT Series ABS Plastic Breaker Electrical Box and PC Cover IP65 for Indoor Outdoor Wall Circuit Breaker\"}]},{\"@type\":\"WebSite\",\"@id\":\"https:\/\/synnorelectric.com\/pt\/#website\",\"url\":\"https:\/\/synnorelectric.com\/pt\/\",\"name\":\"Synnor Electrical Enclosure\",\"description\":\"Power Distribution Box Factory, Plastic Box Factory, Waterproof Electrical Box Factory, Electrical Equipment, Electronics Instrument Enclosures, Electric Distribution Board, Household Distribution Box, Electrical Wire, Waterproof Plastic Box, Metal Enclosure, Stainless Steel Enclosure, Metal Panel, Control Panel, junction box, electrical box, electrical panel, electric cabinet, distribution panel, electrical enclosure, Electric Enclosure, Combiner Box\",\"publisher\":{\"@id\":\"https:\/\/synnorelectric.com\/pt\/#organization\"},\"potentialAction\":[{\"@type\":\"SearchAction\",\"target\":{\"@type\":\"EntryPoint\",\"urlTemplate\":\"https:\/\/synnorelectric.com\/pt\/?s={search_term_string}\"},\"query-input\":{\"@type\":\"PropertyValueSpecification\",\"valueRequired\":true,\"valueName\":\"search_term_string\"}}],\"inLanguage\":\"fr-FR\"},{\"@type\":\"Organization\",\"@id\":\"https:\/\/synnorelectric.com\/pt\/#organization\",\"name\":\"Synnor Electrical Enclosure\",\"url\":\"https:\/\/synnorelectric.com\/pt\/\",\"logo\":{\"@type\":\"ImageObject\",\"inLanguage\":\"fr-FR\",\"@id\":\"https:\/\/synnorelectric.com\/pt\/#\/schema\/logo\/image\/\",\"url\":\"https:\/\/synnorelectric.com\/wp-content\/uploads\/2025\/09\/logo-sn.png\",\"contentUrl\":\"https:\/\/synnorelectric.com\/wp-content\/uploads\/2025\/09\/logo-sn.png\",\"width\":1024,\"height\":1024,\"caption\":\"Synnor Electrical Enclosure\"},\"image\":{\"@id\":\"https:\/\/synnorelectric.com\/pt\/#\/schema\/logo\/image\/\"}}]}<\/script>\n<!-- \/ Yoast SEO plugin. -->","yoast_head_json":{"title":"Bo\u00eetier \u00e9lectrique SN-HT en plastique ABS avec couvercle en polycarbonate IP65 pour disjoncteur mural int\u00e9rieur\/ext\u00e9rieur - Synnor Electrical Enclosure","robots":{"index":"index","follow":"follow","max-snippet":"max-snippet:-1","max-image-preview":"max-image-preview:large","max-video-preview":"max-video-preview:-1"},"canonical":"https:\/\/olive-raven-374711.hostingersite.com\/am\/product\/\u12e8sn-ht-\u1270\u12a8\u1273\u1273\u12ed-\u12a8\u134d\u1270\u129b-\u1325\u122b\u1275-\u12eb\u1208\u12cd-\u12e8\u12a0\u1265\u1235\u1355\/","og_locale":"fr_FR","og_type":"article","og_title":"SN-HT Series ABS Plastic Breaker Electrical Box and PC Cover IP65 for Indoor Outdoor Wall Circuit Breaker - Synnor Electrical Enclosure","og_url":"https:\/\/olive-raven-374711.hostingersite.com\/am\/product\/\u12e8sn-ht-\u1270\u12a8\u1273\u1273\u12ed-\u12a8\u134d\u1270\u129b-\u1325\u122b\u1275-\u12eb\u1208\u12cd-\u12e8\u12a0\u1265\u1235\u1355\/","og_site_name":"Synnor Electrical Enclosure","article_modified_time":"2025-11-20T08:56:47+00:00","og_image":[{"width":800,"height":800,"url":"https:\/\/synnorelectric.com\/wp-content\/uploads\/2025\/10\/PC\u5f00\u5173\u76d2-\u4e3b\u56fe\u96c6\u5408.png","type":"image\/png"}],"twitter_card":"summary_large_image","schema":{"@context":"https:\/\/schema.org","@graph":[{"@type":"WebPage","@id":"https:\/\/olive-raven-374711.hostingersite.com\/am\/product\/%e1%8b%a8sn-ht-%e1%89%b0%e1%8a%a8%e1%89%b3%e1%89%b3%e1%8b%ad-%e1%8a%a8%e1%8d%8d%e1%89%b0%e1%8a%9b-%e1%8c%a5%e1%88%ab%e1%89%b5-%e1%8b%ab%e1%88%88%e1%8b%8d-%e1%8b%a8%e1%8a%a0%e1%89%a5%e1%88%b5%e1%8d%95\/","url":"https:\/\/olive-raven-374711.hostingersite.com\/am\/product\/%e1%8b%a8sn-ht-%e1%89%b0%e1%8a%a8%e1%89%b3%e1%89%b3%e1%8b%ad-%e1%8a%a8%e1%8d%8d%e1%89%b0%e1%8a%9b-%e1%8c%a5%e1%88%ab%e1%89%b5-%e1%8b%ab%e1%88%88%e1%8b%8d-%e1%8b%a8%e1%8a%a0%e1%89%a5%e1%88%b5%e1%8d%95\/","name":"Bo\u00eetier \u00e9lectrique SN-HT en plastique ABS avec couvercle en polycarbonate IP65 pour disjoncteur mural int\u00e9rieur\/ext\u00e9rieur - Synnor Electrical Enclosure","isPartOf":{"@id":"https:\/\/synnorelectric.com\/pt\/#website"},"primaryImageOfPage":{"@id":"https:\/\/olive-raven-374711.hostingersite.com\/am\/product\/%e1%8b%a8sn-ht-%e1%89%b0%e1%8a%a8%e1%89%b3%e1%89%b3%e1%8b%ad-%e1%8a%a8%e1%8d%8d%e1%89%b0%e1%8a%9b-%e1%8c%a5%e1%88%ab%e1%89%b5-%e1%8b%ab%e1%88%88%e1%8b%8d-%e1%8b%a8%e1%8a%a0%e1%89%a5%e1%88%b5%e1%8d%95\/#primaryimage"},"image":{"@id":"https:\/\/olive-raven-374711.hostingersite.com\/am\/product\/%e1%8b%a8sn-ht-%e1%89%b0%e1%8a%a8%e1%89%b3%e1%89%b3%e1%8b%ad-%e1%8a%a8%e1%8d%8d%e1%89%b0%e1%8a%9b-%e1%8c%a5%e1%88%ab%e1%89%b5-%e1%8b%ab%e1%88%88%e1%8b%8d-%e1%8b%a8%e1%8a%a0%e1%89%a5%e1%88%b5%e1%8d%95\/#primaryimage"},"thumbnailUrl":"https:\/\/synnorelectric.com\/wp-content\/uploads\/2025\/10\/PC\u5f00\u5173\u76d2-\u4e3b\u56fe\u96c6\u5408.png","datePublished":"2025-10-31T03:54:00+00:00","dateModified":"2025-11-20T08:56:47+00:00","breadcrumb":{"@id":"https:\/\/olive-raven-374711.hostingersite.com\/am\/product\/%e1%8b%a8sn-ht-%e1%89%b0%e1%8a%a8%e1%89%b3%e1%89%b3%e1%8b%ad-%e1%8a%a8%e1%8d%8d%e1%89%b0%e1%8a%9b-%e1%8c%a5%e1%88%ab%e1%89%b5-%e1%8b%ab%e1%88%88%e1%8b%8d-%e1%8b%a8%e1%8a%a0%e1%89%a5%e1%88%b5%e1%8d%95\/#breadcrumb"},"inLanguage":"fr-FR","potentialAction":[{"@type":"ReadAction","target":["https:\/\/olive-raven-374711.hostingersite.com\/am\/product\/%e1%8b%a8sn-ht-%e1%89%b0%e1%8a%a8%e1%89%b3%e1%89%b3%e1%8b%ad-%e1%8a%a8%e1%8d%8d%e1%89%b0%e1%8a%9b-%e1%8c%a5%e1%88%ab%e1%89%b5-%e1%8b%ab%e1%88%88%e1%8b%8d-%e1%8b%a8%e1%8a%a0%e1%89%a5%e1%88%b5%e1%8d%95\/"]}]},{"@type":"ImageObject","inLanguage":"fr-FR","@id":"https:\/\/olive-raven-374711.hostingersite.com\/am\/product\/%e1%8b%a8sn-ht-%e1%89%b0%e1%8a%a8%e1%89%b3%e1%89%b3%e1%8b%ad-%e1%8a%a8%e1%8d%8d%e1%89%b0%e1%8a%9b-%e1%8c%a5%e1%88%ab%e1%89%b5-%e1%8b%ab%e1%88%88%e1%8b%8d-%e1%8b%a8%e1%8a%a0%e1%89%a5%e1%88%b5%e1%8d%95\/#primaryimage","url":"https:\/\/synnorelectric.com\/wp-content\/uploads\/2025\/10\/PC\u5f00\u5173\u76d2-\u4e3b\u56fe\u96c6\u5408.png","contentUrl":"https:\/\/synnorelectric.com\/wp-content\/uploads\/2025\/10\/PC\u5f00\u5173\u76d2-\u4e3b\u56fe\u96c6\u5408.png","width":800,"height":800,"caption":"sn ht series high quality abs&pc breaker box high strengh w"},{"@type":"BreadcrumbList","@id":"https:\/\/olive-raven-374711.hostingersite.com\/am\/product\/%e1%8b%a8sn-ht-%e1%89%b0%e1%8a%a8%e1%89%b3%e1%89%b3%e1%8b%ad-%e1%8a%a8%e1%8d%8d%e1%89%b0%e1%8a%9b-%e1%8c%a5%e1%88%ab%e1%89%b5-%e1%8b%ab%e1%88%88%e1%8b%8d-%e1%8b%a8%e1%8a%a0%e1%89%a5%e1%88%b5%e1%8d%95\/#breadcrumb","itemListElement":[{"@type":"ListItem","position":1,"name":"\u9996\u9875","item":"https:\/\/olive-raven-374711.hostingersite.com\/th\/"},{"@type":"ListItem","position":2,"name":"Products","item":"https:\/\/synnorelectric.com\/pt\/product-2\/"},{"@type":"ListItem","position":3,"name":"SN-HT Series ABS Plastic Breaker Electrical Box and PC Cover IP65 for Indoor Outdoor Wall Circuit Breaker"}]},{"@type":"WebSite","@id":"https:\/\/synnorelectric.com\/pt\/#website","url":"https:\/\/synnorelectric.com\/pt\/","name":"Bo\u00eetier \u00e9lectrique Synnor","description":"Usine de bo\u00eetes de distribution \u00e9lectrique, usine de bo\u00eetes en plastique, usine de bo\u00eetes \u00e9lectriques \u00e9tanches, \u00e9quipements \u00e9lectriques, bo\u00eetiers pour instruments \u00e9lectroniques, tableau de distribution \u00e9lectrique, bo\u00eete de distribution domestique, c\u00e2ble \u00e9lectrique, bo\u00eete en plastique \u00e9tanche, bo\u00eetier m\u00e9tallique, bo\u00eetier en acier inoxydable, panneau m\u00e9tallique, panneau de commande, bo\u00eete de jonction, bo\u00eete \u00e9lectrique, panneau \u00e9lectrique, armoire \u00e9lectrique, panneau de distribution, bo\u00eetier \u00e9lectrique, bo\u00eetier \u00e9lectrique, bo\u00eete de jonction","publisher":{"@id":"https:\/\/synnorelectric.com\/pt\/#organization"},"potentialAction":[{"@type":"SearchAction","target":{"@type":"EntryPoint","urlTemplate":"https:\/\/synnorelectric.com\/pt\/?s={search_term_string}"},"query-input":{"@type":"PropertyValueSpecification","valueRequired":true,"valueName":"search_term_string"}}],"inLanguage":"fr-FR"},{"@type":"Organization","@id":"https:\/\/synnorelectric.com\/pt\/#organization","name":"Bo\u00eetier \u00e9lectrique Synnor","url":"https:\/\/synnorelectric.com\/pt\/","logo":{"@type":"ImageObject","inLanguage":"fr-FR","@id":"https:\/\/synnorelectric.com\/pt\/#\/schema\/logo\/image\/","url":"https:\/\/synnorelectric.com\/wp-content\/uploads\/2025\/09\/logo-sn.png","contentUrl":"https:\/\/synnorelectric.com\/wp-content\/uploads\/2025\/09\/logo-sn.png","width":1024,"height":1024,"caption":"Synnor Electrical Enclosure"},"image":{"@id":"https:\/\/synnorelectric.com\/pt\/#\/schema\/logo\/image\/"}}]}},"spectra_custom_meta":{"surerank_seo_checks":["a:13:{s:14:\"h2_subheadings\";a:2:{s:6:\"status\";s:7:\"warning\";s:7:\"message\";s:42:\"The page does not contain any subheadings.\";}s:13:\"media_present\";a:2:{s:6:\"status\";s:7:\"success\";s:7:\"message\";s:55:\"This page includes images or videos to enhance content.\";}s:13:\"links_present\";a:2:{s:6:\"status\";s:7:\"warning\";s:7:\"message\";s:27:\"No links found on the page.\";}s:10:\"url_length\";a:2:{s:6:\"status\";s:7:\"warning\";s:7:\"message\";s:73:\"Page URL is longer than 90 characters and may affect SEO and readability.\";}s:19:\"search_engine_title\";a:2:{s:6:\"status\";s:7:\"warning\";s:7:\"message\";s:42:\"Search engine title exceeds 60 characters.\";}s:25:\"search_engine_description\";a:2:{s:6:\"status\";s:7:\"warning\";s:7:\"message\";s:49:\"Search engine description is missing on the page.\";}s:13:\"canonical_url\";a:2:{s:6:\"status\";s:7:\"success\";s:7:\"message\";s:37:\"Canonical tag is present on the page.\";}s:15:\"open_graph_tags\";a:2:{s:6:\"status\";s:7:\"success\";s:7:\"message\";s:40:\"Open Graph tags are present on the page.\";}s:16:\"keyword_in_title\";a:2:{s:6:\"status\";s:10:\"suggestion\";s:7:\"message\";s:38:\"No focus keyword set to analyze title.\";}s:22:\"keyword_in_description\";a:2:{s:6:\"status\";s:10:\"suggestion\";s:7:\"message\";s:49:\"No focus keyword set to analyze meta description.\";}s:14:\"keyword_in_url\";a:2:{s:6:\"status\";s:10:\"suggestion\";s:7:\"message\";s:36:\"No focus keyword set to analyze URL.\";}s:18:\"keyword_in_content\";a:2:{s:6:\"status\";s:10:\"suggestion\";s:7:\"message\";s:40:\"No focus keyword set to analyze content.\";}s:12:\"broken_links\";a:2:{s:6:\"status\";s:7:\"success\";s:7:\"message\";s:34:\"No broken links found on the page.\";}}"],"surerank_seo_checks_last_updated":["1764300214"],"_edit_last":["1"],"_edit_lock":["1763628930:1"],"total_sales":["0"],"_tax_status":["taxable"],"_tax_class":[""],"_manage_stock":["no"],"_backorders":["no"],"_sold_individually":["no"],"_virtual":["no"],"_downloadable":["no"],"_download_limit":["-1"],"_download_expiry":["-1"],"_stock":[null],"_stock_status":["instock"],"_wc_average_rating":["0"],"_wc_review_count":["0"],"_product_attributes":["a:3:{s:14:\"pa_application\";a:6:{s:4:\"name\";s:14:\"pa_application\";s:5:\"value\";s:0:\"\";s:8:\"position\";i:0;s:10:\"is_visible\";i:1;s:12:\"is_variation\";i:0;s:11:\"is_taxonomy\";i:1;}s:12:\"pa_ip-rating\";a:6:{s:4:\"name\";s:12:\"pa_ip-rating\";s:5:\"value\";s:0:\"\";s:8:\"position\";i:1;s:10:\"is_visible\";i:1;s:12:\"is_variation\";i:0;s:11:\"is_taxonomy\";i:1;}s:11:\"pa_material\";a:6:{s:4:\"name\";s:11:\"pa_material\";s:5:\"value\";s:0:\"\";s:8:\"position\";i:2;s:10:\"is_visible\";i:1;s:12:\"is_variation\";i:0;s:11:\"is_taxonomy\";i:1;}}"],"_product_version":["10.2.2"],"_thumbnail_id":["2060"],"site-sidebar-layout":["default"],"ast-site-content-layout":["default"],"site-content-style":["default"],"site-sidebar-style":["default"],"theme-transparent-header-meta":["default"],"ekit_post_views_count":["434"],"_wp_page_template":["default"],"_product_image_gallery":["2911,2914,2917,2912,2916,2913,2918"],"astra-migrate-meta-layouts":["set"],"_uag_page_assets":["a:9:{s:3:\"css\";s:263:\".uag-blocks-common-selector{z-index:var(--z-index-desktop) !important}@media (max-width: 976px){.uag-blocks-common-selector{z-index:var(--z-index-tablet) !important}}@media (max-width: 767px){.uag-blocks-common-selector{z-index:var(--z-index-mobile) !important}}\n\";s:2:\"js\";s:0:\"\";s:18:\"current_block_list\";a:12:{i:0;s:11:\"core\/search\";i:1;s:10:\"core\/group\";i:2;s:12:\"core\/heading\";i:3;s:17:\"core\/latest-posts\";i:4;s:20:\"core\/latest-comments\";i:5;s:13:\"core\/archives\";i:6;s:15:\"core\/categories\";i:7;s:14:\"core\/paragraph\";i:8;s:10:\"core\/image\";i:9;s:14:\"core\/shortcode\";i:10;s:9:\"core\/list\";i:11;s:14:\"core\/list-item\";}s:8:\"uag_flag\";b:0;s:11:\"uag_version\";s:10:\"1776736845\";s:6:\"gfonts\";a:0:{}s:10:\"gfonts_url\";s:0:\"\";s:12:\"gfonts_files\";a:0:{}s:14:\"uag_faq_layout\";b:0;}"],"_elementor_page_assets":["a:0:{}"],"_uag_css_file_name":["uag-css-2059.css"]},"uagb_featured_image_src":{"full":["https:\/\/synnorelectric.com\/wp-content\/uploads\/2025\/10\/PC\u5f00\u5173\u76d2-\u4e3b\u56fe\u96c6\u5408.png",800,800,false],"thumbnail":["https:\/\/synnorelectric.com\/wp-content\/uploads\/2025\/10\/PC\u5f00\u5173\u76d2-\u4e3b\u56fe\u96c6\u5408-150x150.png",150,150,true],"medium":["https:\/\/synnorelectric.com\/wp-content\/uploads\/2025\/10\/PC\u5f00\u5173\u76d2-\u4e3b\u56fe\u96c6\u5408-300x300.png",300,300,true],"medium_large":["https:\/\/synnorelectric.com\/wp-content\/uploads\/2025\/10\/PC\u5f00\u5173\u76d2-\u4e3b\u56fe\u96c6\u5408-768x768.png",768,768,true],"large":["https:\/\/synnorelectric.com\/wp-content\/uploads\/2025\/10\/PC\u5f00\u5173\u76d2-\u4e3b\u56fe\u96c6\u5408.png",800,800,false],"1536x1536":["https:\/\/synnorelectric.com\/wp-content\/uploads\/2025\/10\/PC\u5f00\u5173\u76d2-\u4e3b\u56fe\u96c6\u5408.png",800,800,false],"2048x2048":["https:\/\/synnorelectric.com\/wp-content\/uploads\/2025\/10\/PC\u5f00\u5173\u76d2-\u4e3b\u56fe\u96c6\u5408.png",800,800,false],"trp-custom-language-flag":["https:\/\/synnorelectric.com\/wp-content\/uploads\/2025\/10\/PC\u5f00\u5173\u76d2-\u4e3b\u56fe\u96c6\u5408.png",12,12,false],"woocommerce_thumbnail":["https:\/\/synnorelectric.com\/wp-content\/uploads\/2025\/10\/PC\u5f00\u5173\u76d2-\u4e3b\u56fe\u96c6\u5408-300x300.png",300,300,true],"woocommerce_single":["https:\/\/synnorelectric.com\/wp-content\/uploads\/2025\/10\/PC\u5f00\u5173\u76d2-\u4e3b\u56fe\u96c6\u5408-600x600.png",600,600,true],"woocommerce_gallery_thumbnail":["https:\/\/synnorelectric.com\/wp-content\/uploads\/2025\/10\/PC\u5f00\u5173\u76d2-\u4e3b\u56fe\u96c6\u5408-100x100.png",100,100,true],"dgwt-wcas-product-suggestion":["https:\/\/synnorelectric.com\/wp-content\/uploads\/2025\/10\/PC\u5f00\u5173\u76d2-\u4e3b\u56fe\u96c6\u5408-64x64.png",64,64,true]},"uagb_author_info":{"display_name":"missy0922","author_link":"https:\/\/synnorelectric.com\/fr\/author\/"},"uagb_comment_info":0,"uagb_excerpt":null,"_links":{"self":[{"href":"https:\/\/synnorelectric.com\/fr\/wp-json\/wp\/v2\/product\/2059","targetHints":{"allow":["GET"]}}],"collection":[{"href":"https:\/\/synnorelectric.com\/fr\/wp-json\/wp\/v2\/product"}],"about":[{"href":"https:\/\/synnorelectric.com\/fr\/wp-json\/wp\/v2\/types\/product"}],"version-history":[{"count":2,"href":"https:\/\/synnorelectric.com\/fr\/wp-json\/wp\/v2\/product\/2059\/revisions"}],"predecessor-version":[{"id":2920,"href":"https:\/\/synnorelectric.com\/fr\/wp-json\/wp\/v2\/product\/2059\/revisions\/2920"}],"wp:featuredmedia":[{"embeddable":true,"href":"https:\/\/synnorelectric.com\/fr\/wp-json\/wp\/v2\/media\/2060"}],"wp:attachment":[{"href":"https:\/\/synnorelectric.com\/fr\/wp-json\/wp\/v2\/media?parent=2059"}],"wp:term":[{"taxonomy":"product_brand","embeddable":true,"href":"https:\/\/synnorelectric.com\/fr\/wp-json\/wp\/v2\/product_brand?post=2059"},{"taxonomy":"product_cat","embeddable":true,"href":"https:\/\/synnorelectric.com\/fr\/wp-json\/wp\/v2\/product_cat?post=2059"},{"taxonomy":"product_tag","embeddable":true,"href":"https:\/\/synnorelectric.com\/fr\/wp-json\/wp\/v2\/product_tag?post=2059"}],"curies":[{"name":"wp","href":"https:\/\/api.w.org\/{rel}","templated":true}]}}