{"id":3227,"date":"2025-11-28T11:43:51","date_gmt":"2025-11-28T03:43:51","guid":{"rendered":"https:\/\/synnorelectric.com\/?post_type=product&#038;p=3227"},"modified":"2025-11-28T11:43:51","modified_gmt":"2025-11-28T03:43:51","slug":"boitier-de-distribution-electrique-domestique-serie-amg-panneau-de-cablage-electrique-avec-disjoncteur-boite-metallique","status":"publish","type":"product","link":"https:\/\/synnorelectric.com\/fr\/product\/boitier-de-distribution-electrique-domestique-serie-amg-panneau-de-cablage-electrique-avec-disjoncteur-boite-metallique\/","title":{"rendered":"Bo\u00eetier de distribution \u00e9lectrique domestique s\u00e9rie SN-AMG, panneau de c\u00e2blage \u00e9lectrique avec disjoncteur, bo\u00eete m\u00e9tallique"},"content":{"rendered":"","protected":false},"excerpt":{"rendered":"","protected":false},"featured_media":3228,"template":"","meta":{"_uag_custom_page_level_css":"","site-sidebar-layout":"default","site-content-layout":"","ast-site-content-layout":"default","site-content-style":"default","site-sidebar-style":"default","ast-global-header-display":"","ast-banner-title-visibility":"","ast-main-header-display":"","ast-hfb-above-header-display":"","ast-hfb-below-header-display":"","ast-hfb-mobile-header-display":"","site-post-title":"","ast-breadcrumbs-content":"","ast-featured-img":"","footer-sml-layout":"","theme-transparent-header-meta":"default","adv-header-id-meta":"","stick-header-meta":"","header-above-stick-meta":"","header-main-stick-meta":"","header-below-stick-meta":"","astra-migrate-meta-layouts":"set","ast-page-background-enabled":"default","ast-page-background-meta":{"desktop":{"background-color":"","background-image":"","background-repeat":"repeat","background-position":"center center","background-size":"auto","background-attachment":"scroll","background-type":"","background-media":"","overlay-type":"","overlay-color":"","overlay-opacity":"","overlay-gradient":""},"tablet":{"background-color":"","background-image":"","background-repeat":"repeat","background-position":"center center","background-size":"auto","background-attachment":"scroll","background-type":"","background-media":"","overlay-type":"","overlay-color":"","overlay-opacity":"","overlay-gradient":""},"mobile":{"background-color":"","background-image":"","background-repeat":"repeat","background-position":"center center","background-size":"auto","background-attachment":"scroll","background-type":"","background-media":"","overlay-type":"","overlay-color":"","overlay-opacity":"","overlay-gradient":""}},"ast-content-background-meta":{"desktop":{"background-color":"var(--ast-global-color-5)","background-image":"","background-repeat":"repeat","background-position":"center center","background-size":"auto","background-attachment":"scroll","background-type":"","background-media":"","overlay-type":"","overlay-color":"","overlay-opacity":"","overlay-gradient":""},"tablet":{"background-color":"var(--ast-global-color-5)","background-image":"","background-repeat":"repeat","background-position":"center center","background-size":"auto","background-attachment":"scroll","background-type":"","background-media":"","overlay-type":"","overlay-color":"","overlay-opacity":"","overlay-gradient":""},"mobile":{"background-color":"var(--ast-global-color-5)","background-image":"","background-repeat":"repeat","background-position":"center center","background-size":"auto","background-attachment":"scroll","background-type":"","background-media":"","overlay-type":"","overlay-color":"","overlay-opacity":"","overlay-gradient":""}}},"product_brand":[],"product_cat":[41,69,68],"product_tag":[157],"class_list":{"0":"post-3227","1":"product","2":"type-product","3":"status-publish","4":"has-post-thumbnail","6":"product_cat-uncategorized","7":"product_cat-amg-series-distribution-box","8":"product_cat-household-electrical-box","9":"product_tag-amg","10":"desktop-align-center","11":"tablet-align-left","12":"mobile-align-left","14":"first","15":"instock","16":"shipping-taxable","17":"product-type-simple"},"yoast_head":"<!-- This site is optimized with the Yoast SEO plugin v26.4 - https:\/\/yoast.com\/wordpress\/plugins\/seo\/ -->\n<title>SN-AMG Series Household Power Distribution Box MCB Electrical Wiring Panel Metal Box - Synnor Electrical Enclosure<\/title>\n<meta name=\"robots\" content=\"index, follow, max-snippet:-1, max-image-preview:large, max-video-preview:-1\" \/>\n<link rel=\"canonical\" href=\"https:\/\/olive-raven-374711.hostingersite.com\/product\/sn-amg-series-household-power-distribution-box-mcb-electrical-wiring-panel-metal-box\/\" \/>\n<meta property=\"og:locale\" content=\"fr_FR\" \/>\n<meta property=\"og:type\" content=\"article\" \/>\n<meta property=\"og:title\" content=\"SN-AMG Series Household Power Distribution Box MCB Electrical Wiring Panel Metal Box - Synnor Electrical Enclosure\" \/>\n<meta property=\"og:url\" content=\"https:\/\/olive-raven-374711.hostingersite.com\/product\/sn-amg-series-household-power-distribution-box-mcb-electrical-wiring-panel-metal-box\/\" \/>\n<meta property=\"og:site_name\" content=\"Synnor Electrical Enclosure\" \/>\n<meta property=\"og:image\" content=\"https:\/\/synnorelectric.com\/wp-content\/uploads\/2025\/11\/\u5f3a\u5f31\u7535\u7bb1\u4e3b\u56feAMG-1.jpg\" \/>\n\t<meta property=\"og:image:width\" content=\"1000\" \/>\n\t<meta property=\"og:image:height\" content=\"1000\" \/>\n\t<meta property=\"og:image:type\" content=\"image\/jpeg\" \/>\n<meta name=\"twitter:card\" content=\"summary_large_image\" \/>\n<meta name=\"twitter:label1\" content=\"Dur\u00e9e de lecture estim\u00e9e\" \/>\n\t<meta name=\"twitter:data1\" content=\"1 minute\" \/>\n<script type=\"application\/ld+json\" class=\"yoast-schema-graph\">{\"@context\":\"https:\/\/schema.org\",\"@graph\":[{\"@type\":\"WebPage\",\"@id\":\"https:\/\/olive-raven-374711.hostingersite.com\/product\/sn-amg-series-household-power-distribution-box-mcb-electrical-wiring-panel-metal-box\/\",\"url\":\"https:\/\/olive-raven-374711.hostingersite.com\/product\/sn-amg-series-household-power-distribution-box-mcb-electrical-wiring-panel-metal-box\/\",\"name\":\"SN-AMG Series Household Power Distribution Box MCB Electrical Wiring Panel Metal Box - Synnor Electrical Enclosure\",\"isPartOf\":{\"@id\":\"https:\/\/synnorelectric.com\/pt\/#website\"},\"primaryImageOfPage\":{\"@id\":\"https:\/\/olive-raven-374711.hostingersite.com\/product\/sn-amg-series-household-power-distribution-box-mcb-electrical-wiring-panel-metal-box\/#primaryimage\"},\"image\":{\"@id\":\"https:\/\/olive-raven-374711.hostingersite.com\/product\/sn-amg-series-household-power-distribution-box-mcb-electrical-wiring-panel-metal-box\/#primaryimage\"},\"thumbnailUrl\":\"https:\/\/synnorelectric.com\/wp-content\/uploads\/2025\/11\/\u5f3a\u5f31\u7535\u7bb1\u4e3b\u56feAMG-1.jpg\",\"datePublished\":\"2025-11-28T03:43:51+00:00\",\"breadcrumb\":{\"@id\":\"https:\/\/olive-raven-374711.hostingersite.com\/product\/sn-amg-series-household-power-distribution-box-mcb-electrical-wiring-panel-metal-box\/#breadcrumb\"},\"inLanguage\":\"fr-FR\",\"potentialAction\":[{\"@type\":\"ReadAction\",\"target\":[\"https:\/\/olive-raven-374711.hostingersite.com\/product\/sn-amg-series-household-power-distribution-box-mcb-electrical-wiring-panel-metal-box\/\"]}]},{\"@type\":\"ImageObject\",\"inLanguage\":\"fr-FR\",\"@id\":\"https:\/\/olive-raven-374711.hostingersite.com\/product\/sn-amg-series-household-power-distribution-box-mcb-electrical-wiring-panel-metal-box\/#primaryimage\",\"url\":\"https:\/\/synnorelectric.com\/wp-content\/uploads\/2025\/11\/\u5f3a\u5f31\u7535\u7bb1\u4e3b\u56feAMG-1.jpg\",\"contentUrl\":\"https:\/\/synnorelectric.com\/wp-content\/uploads\/2025\/11\/\u5f3a\u5f31\u7535\u7bb1\u4e3b\u56feAMG-1.jpg\",\"width\":1000,\"height\":1000,\"caption\":\"sn amg series household distribution box wiring panel low voltage cabinet\"},{\"@type\":\"BreadcrumbList\",\"@id\":\"https:\/\/olive-raven-374711.hostingersite.com\/product\/sn-amg-series-household-power-distribution-box-mcb-electrical-wiring-panel-metal-box\/#breadcrumb\",\"itemListElement\":[{\"@type\":\"ListItem\",\"position\":1,\"name\":\"\u9996\u9875\",\"item\":\"https:\/\/olive-raven-374711.hostingersite.com\/th\/\"},{\"@type\":\"ListItem\",\"position\":2,\"name\":\"Products\",\"item\":\"https:\/\/synnorelectric.com\/pt\/product-2\/\"},{\"@type\":\"ListItem\",\"position\":3,\"name\":\"SN-AMG Series Household Power Distribution Box MCB Electrical Wiring Panel Metal Box\"}]},{\"@type\":\"WebSite\",\"@id\":\"https:\/\/synnorelectric.com\/pt\/#website\",\"url\":\"https:\/\/synnorelectric.com\/pt\/\",\"name\":\"Synnor Electrical Enclosure\",\"description\":\"Power Distribution Box Factory, Plastic Box Factory, Waterproof Electrical Box Factory, Electrical Equipment, Electronics Instrument Enclosures, Electric Distribution Board, Household Distribution Box, Electrical Wire, Waterproof Plastic Box, Metal Enclosure, Stainless Steel Enclosure, Metal Panel, Control Panel, junction box, electrical box, electrical panel, electric cabinet, distribution panel, electrical enclosure, Electric Enclosure, Combiner Box\",\"publisher\":{\"@id\":\"https:\/\/synnorelectric.com\/pt\/#organization\"},\"potentialAction\":[{\"@type\":\"SearchAction\",\"target\":{\"@type\":\"EntryPoint\",\"urlTemplate\":\"https:\/\/synnorelectric.com\/pt\/?s={search_term_string}\"},\"query-input\":{\"@type\":\"PropertyValueSpecification\",\"valueRequired\":true,\"valueName\":\"search_term_string\"}}],\"inLanguage\":\"fr-FR\"},{\"@type\":\"Organization\",\"@id\":\"https:\/\/synnorelectric.com\/pt\/#organization\",\"name\":\"Synnor Electrical Enclosure\",\"url\":\"https:\/\/synnorelectric.com\/pt\/\",\"logo\":{\"@type\":\"ImageObject\",\"inLanguage\":\"fr-FR\",\"@id\":\"https:\/\/synnorelectric.com\/pt\/#\/schema\/logo\/image\/\",\"url\":\"https:\/\/synnorelectric.com\/wp-content\/uploads\/2025\/09\/logo-sn.png\",\"contentUrl\":\"https:\/\/synnorelectric.com\/wp-content\/uploads\/2025\/09\/logo-sn.png\",\"width\":1024,\"height\":1024,\"caption\":\"Synnor Electrical Enclosure\"},\"image\":{\"@id\":\"https:\/\/synnorelectric.com\/pt\/#\/schema\/logo\/image\/\"}}]}<\/script>\n<!-- \/ Yoast SEO plugin. -->","yoast_head_json":{"title":"Bo\u00eetier de distribution \u00e9lectrique domestique s\u00e9rie SN-AMG avec disjoncteur et panneau de c\u00e2blage \u00e9lectrique m\u00e9tallique - Bo\u00eetier \u00e9lectrique Synnor","robots":{"index":"index","follow":"follow","max-snippet":"max-snippet:-1","max-image-preview":"max-image-preview:large","max-video-preview":"max-video-preview:-1"},"canonical":"https:\/\/olive-raven-374711.hostingersite.com\/product\/sn-amg-series-household-power-distribution-box-mcb-electrical-wiring-panel-metal-box\/","og_locale":"fr_FR","og_type":"article","og_title":"SN-AMG Series Household Power Distribution Box MCB Electrical Wiring Panel Metal Box - Synnor Electrical Enclosure","og_url":"https:\/\/olive-raven-374711.hostingersite.com\/product\/sn-amg-series-household-power-distribution-box-mcb-electrical-wiring-panel-metal-box\/","og_site_name":"Synnor Electrical Enclosure","og_image":[{"width":1000,"height":1000,"url":"https:\/\/synnorelectric.com\/wp-content\/uploads\/2025\/11\/\u5f3a\u5f31\u7535\u7bb1\u4e3b\u56feAMG-1.jpg","type":"image\/jpeg"}],"twitter_card":"summary_large_image","twitter_misc":{"Dur\u00e9e de lecture estim\u00e9e":"1 minute"},"schema":{"@context":"https:\/\/schema.org","@graph":[{"@type":"WebPage","@id":"https:\/\/olive-raven-374711.hostingersite.com\/product\/sn-amg-series-household-power-distribution-box-mcb-electrical-wiring-panel-metal-box\/","url":"https:\/\/olive-raven-374711.hostingersite.com\/product\/sn-amg-series-household-power-distribution-box-mcb-electrical-wiring-panel-metal-box\/","name":"Bo\u00eetier de distribution \u00e9lectrique domestique s\u00e9rie SN-AMG avec disjoncteur et panneau de c\u00e2blage \u00e9lectrique m\u00e9tallique - Bo\u00eetier \u00e9lectrique Synnor","isPartOf":{"@id":"https:\/\/synnorelectric.com\/pt\/#website"},"primaryImageOfPage":{"@id":"https:\/\/olive-raven-374711.hostingersite.com\/product\/sn-amg-series-household-power-distribution-box-mcb-electrical-wiring-panel-metal-box\/#primaryimage"},"image":{"@id":"https:\/\/olive-raven-374711.hostingersite.com\/product\/sn-amg-series-household-power-distribution-box-mcb-electrical-wiring-panel-metal-box\/#primaryimage"},"thumbnailUrl":"https:\/\/synnorelectric.com\/wp-content\/uploads\/2025\/11\/\u5f3a\u5f31\u7535\u7bb1\u4e3b\u56feAMG-1.jpg","datePublished":"2025-11-28T03:43:51+00:00","breadcrumb":{"@id":"https:\/\/olive-raven-374711.hostingersite.com\/product\/sn-amg-series-household-power-distribution-box-mcb-electrical-wiring-panel-metal-box\/#breadcrumb"},"inLanguage":"fr-FR","potentialAction":[{"@type":"ReadAction","target":["https:\/\/olive-raven-374711.hostingersite.com\/product\/sn-amg-series-household-power-distribution-box-mcb-electrical-wiring-panel-metal-box\/"]}]},{"@type":"ImageObject","inLanguage":"fr-FR","@id":"https:\/\/olive-raven-374711.hostingersite.com\/product\/sn-amg-series-household-power-distribution-box-mcb-electrical-wiring-panel-metal-box\/#primaryimage","url":"https:\/\/synnorelectric.com\/wp-content\/uploads\/2025\/11\/\u5f3a\u5f31\u7535\u7bb1\u4e3b\u56feAMG-1.jpg","contentUrl":"https:\/\/synnorelectric.com\/wp-content\/uploads\/2025\/11\/\u5f3a\u5f31\u7535\u7bb1\u4e3b\u56feAMG-1.jpg","width":1000,"height":1000,"caption":"sn amg series household distribution box wiring panel low voltage cabinet"},{"@type":"BreadcrumbList","@id":"https:\/\/olive-raven-374711.hostingersite.com\/product\/sn-amg-series-household-power-distribution-box-mcb-electrical-wiring-panel-metal-box\/#breadcrumb","itemListElement":[{"@type":"ListItem","position":1,"name":"\u9996\u9875","item":"https:\/\/olive-raven-374711.hostingersite.com\/th\/"},{"@type":"ListItem","position":2,"name":"Products","item":"https:\/\/synnorelectric.com\/pt\/product-2\/"},{"@type":"ListItem","position":3,"name":"SN-AMG Series Household Power Distribution Box MCB Electrical Wiring Panel Metal Box"}]},{"@type":"WebSite","@id":"https:\/\/synnorelectric.com\/pt\/#website","url":"https:\/\/synnorelectric.com\/pt\/","name":"Bo\u00eetier \u00e9lectrique Synnor","description":"Usine de bo\u00eetes de distribution \u00e9lectrique, usine de bo\u00eetes en plastique, usine de bo\u00eetes \u00e9lectriques \u00e9tanches, \u00e9quipements \u00e9lectriques, bo\u00eetiers pour instruments \u00e9lectroniques, tableau de distribution \u00e9lectrique, bo\u00eete de distribution domestique, c\u00e2ble \u00e9lectrique, bo\u00eete en plastique \u00e9tanche, bo\u00eetier m\u00e9tallique, bo\u00eetier en acier inoxydable, panneau m\u00e9tallique, panneau de commande, bo\u00eete de jonction, bo\u00eete \u00e9lectrique, panneau \u00e9lectrique, armoire \u00e9lectrique, panneau de distribution, bo\u00eetier \u00e9lectrique, bo\u00eetier \u00e9lectrique, bo\u00eete de jonction","publisher":{"@id":"https:\/\/synnorelectric.com\/pt\/#organization"},"potentialAction":[{"@type":"SearchAction","target":{"@type":"EntryPoint","urlTemplate":"https:\/\/synnorelectric.com\/pt\/?s={search_term_string}"},"query-input":{"@type":"PropertyValueSpecification","valueRequired":true,"valueName":"search_term_string"}}],"inLanguage":"fr-FR"},{"@type":"Organization","@id":"https:\/\/synnorelectric.com\/pt\/#organization","name":"Bo\u00eetier \u00e9lectrique Synnor","url":"https:\/\/synnorelectric.com\/pt\/","logo":{"@type":"ImageObject","inLanguage":"fr-FR","@id":"https:\/\/synnorelectric.com\/pt\/#\/schema\/logo\/image\/","url":"https:\/\/synnorelectric.com\/wp-content\/uploads\/2025\/09\/logo-sn.png","contentUrl":"https:\/\/synnorelectric.com\/wp-content\/uploads\/2025\/09\/logo-sn.png","width":1024,"height":1024,"caption":"Synnor Electrical Enclosure"},"image":{"@id":"https:\/\/synnorelectric.com\/pt\/#\/schema\/logo\/image\/"}}]}},"spectra_custom_meta":{"surerank_seo_checks":["a:13:{s:14:\"h2_subheadings\";a:2:{s:6:\"status\";s:7:\"warning\";s:7:\"message\";s:42:\"The page does not contain any subheadings.\";}s:13:\"media_present\";a:2:{s:6:\"status\";s:7:\"success\";s:7:\"message\";s:55:\"This page includes images or videos to enhance content.\";}s:13:\"links_present\";a:2:{s:6:\"status\";s:7:\"warning\";s:7:\"message\";s:27:\"No links found on the page.\";}s:10:\"url_length\";a:2:{s:6:\"status\";s:7:\"warning\";s:7:\"message\";s:73:\"Page URL is longer than 90 characters and may affect SEO and readability.\";}s:19:\"search_engine_title\";a:2:{s:6:\"status\";s:7:\"warning\";s:7:\"message\";s:42:\"Search engine title exceeds 60 characters.\";}s:25:\"search_engine_description\";a:2:{s:6:\"status\";s:7:\"warning\";s:7:\"message\";s:49:\"Search engine description is missing on the page.\";}s:13:\"canonical_url\";a:2:{s:6:\"status\";s:7:\"success\";s:7:\"message\";s:37:\"Canonical tag is present on the page.\";}s:15:\"open_graph_tags\";a:2:{s:6:\"status\";s:7:\"success\";s:7:\"message\";s:40:\"Open Graph tags are present on the page.\";}s:16:\"keyword_in_title\";a:2:{s:6:\"status\";s:10:\"suggestion\";s:7:\"message\";s:38:\"No focus keyword set to analyze title.\";}s:22:\"keyword_in_description\";a:2:{s:6:\"status\";s:10:\"suggestion\";s:7:\"message\";s:49:\"No focus keyword set to analyze meta description.\";}s:14:\"keyword_in_url\";a:2:{s:6:\"status\";s:10:\"suggestion\";s:7:\"message\";s:36:\"No focus keyword set to analyze URL.\";}s:18:\"keyword_in_content\";a:2:{s:6:\"status\";s:10:\"suggestion\";s:7:\"message\";s:40:\"No focus keyword set to analyze content.\";}s:12:\"broken_links\";a:2:{s:6:\"status\";s:7:\"success\";s:7:\"message\";s:34:\"No broken links found on the page.\";}}"],"surerank_seo_checks_last_updated":["1764301432"],"_edit_last":["1"],"_edit_lock":["1764316954:1"],"total_sales":["0"],"_tax_status":["taxable"],"_tax_class":[""],"_manage_stock":["no"],"_backorders":["no"],"_sold_individually":["no"],"_virtual":["no"],"_downloadable":["no"],"_download_limit":["-1"],"_download_expiry":["-1"],"_stock":[null],"_stock_status":["instock"],"_wc_average_rating":["0"],"_wc_review_count":["0"],"_product_attributes":["a:2:{s:14:\"pa_application\";a:6:{s:4:\"name\";s:14:\"pa_application\";s:5:\"value\";s:0:\"\";s:8:\"position\";i:0;s:10:\"is_visible\";i:1;s:12:\"is_variation\";i:0;s:11:\"is_taxonomy\";i:1;}s:11:\"pa_material\";a:6:{s:4:\"name\";s:11:\"pa_material\";s:5:\"value\";s:0:\"\";s:8:\"position\";i:1;s:10:\"is_visible\";i:1;s:12:\"is_variation\";i:0;s:11:\"is_taxonomy\";i:1;}}"],"_product_version":["10.2.2"],"_thumbnail_id":["3228"],"_wp_page_template":["default"],"_product_image_gallery":["3230,3234,3233,3229,3231,3232"],"site-sidebar-layout":["default"],"ast-site-content-layout":["default"],"site-content-style":["default"],"site-sidebar-style":["default"],"theme-transparent-header-meta":["default"],"astra-migrate-meta-layouts":["set"],"_yoast_wpseo_primary_product_brand":[""],"_yoast_wpseo_primary_product_cat":["69"],"_yoast_wpseo_content_score":["90"],"_yoast_wpseo_estimated-reading-time-minutes":["1"],"_uag_page_assets":["a:9:{s:3:\"css\";s:0:\"\";s:2:\"js\";s:0:\"\";s:18:\"current_block_list\";a:12:{i:0;s:11:\"core\/search\";i:1;s:10:\"core\/group\";i:2;s:12:\"core\/heading\";i:3;s:17:\"core\/latest-posts\";i:4;s:20:\"core\/latest-comments\";i:5;s:13:\"core\/archives\";i:6;s:15:\"core\/categories\";i:7;s:14:\"core\/paragraph\";i:8;s:10:\"core\/image\";i:9;s:14:\"core\/shortcode\";i:10;s:9:\"core\/list\";i:11;s:14:\"core\/list-item\";}s:8:\"uag_flag\";b:0;s:11:\"uag_version\";s:10:\"1776393491\";s:6:\"gfonts\";a:0:{}s:10:\"gfonts_url\";s:0:\"\";s:12:\"gfonts_files\";a:0:{}s:14:\"uag_faq_layout\";b:0;}"],"ekit_post_views_count":["372"],"_elementor_page_assets":["a:0:{}"]},"uagb_featured_image_src":{"full":["https:\/\/synnorelectric.com\/wp-content\/uploads\/2025\/11\/\u5f3a\u5f31\u7535\u7bb1\u4e3b\u56feAMG-1.jpg",1000,1000,false],"thumbnail":["https:\/\/synnorelectric.com\/wp-content\/uploads\/2025\/11\/\u5f3a\u5f31\u7535\u7bb1\u4e3b\u56feAMG-1-150x150.jpg",150,150,true],"medium":["https:\/\/synnorelectric.com\/wp-content\/uploads\/2025\/11\/\u5f3a\u5f31\u7535\u7bb1\u4e3b\u56feAMG-1-300x300.jpg",300,300,true],"medium_large":["https:\/\/synnorelectric.com\/wp-content\/uploads\/2025\/11\/\u5f3a\u5f31\u7535\u7bb1\u4e3b\u56feAMG-1-768x768.jpg",768,768,true],"large":["https:\/\/synnorelectric.com\/wp-content\/uploads\/2025\/11\/\u5f3a\u5f31\u7535\u7bb1\u4e3b\u56feAMG-1.jpg",1000,1000,false],"1536x1536":["https:\/\/synnorelectric.com\/wp-content\/uploads\/2025\/11\/\u5f3a\u5f31\u7535\u7bb1\u4e3b\u56feAMG-1.jpg",1000,1000,false],"2048x2048":["https:\/\/synnorelectric.com\/wp-content\/uploads\/2025\/11\/\u5f3a\u5f31\u7535\u7bb1\u4e3b\u56feAMG-1.jpg",1000,1000,false],"trp-custom-language-flag":["https:\/\/synnorelectric.com\/wp-content\/uploads\/2025\/11\/\u5f3a\u5f31\u7535\u7bb1\u4e3b\u56feAMG-1.jpg",12,12,false],"woocommerce_thumbnail":["https:\/\/synnorelectric.com\/wp-content\/uploads\/2025\/11\/\u5f3a\u5f31\u7535\u7bb1\u4e3b\u56feAMG-1-300x300.jpg",300,300,true],"woocommerce_single":["https:\/\/synnorelectric.com\/wp-content\/uploads\/2025\/11\/\u5f3a\u5f31\u7535\u7bb1\u4e3b\u56feAMG-1-600x600.jpg",600,600,true],"woocommerce_gallery_thumbnail":["https:\/\/synnorelectric.com\/wp-content\/uploads\/2025\/11\/\u5f3a\u5f31\u7535\u7bb1\u4e3b\u56feAMG-1-100x100.jpg",100,100,true],"dgwt-wcas-product-suggestion":["https:\/\/synnorelectric.com\/wp-content\/uploads\/2025\/11\/\u5f3a\u5f31\u7535\u7bb1\u4e3b\u56feAMG-1-64x64.jpg",64,64,true]},"uagb_author_info":{"display_name":"missy0922","author_link":"https:\/\/synnorelectric.com\/fr\/author\/"},"uagb_comment_info":0,"uagb_excerpt":null,"_links":{"self":[{"href":"https:\/\/synnorelectric.com\/fr\/wp-json\/wp\/v2\/product\/3227","targetHints":{"allow":["GET"]}}],"collection":[{"href":"https:\/\/synnorelectric.com\/fr\/wp-json\/wp\/v2\/product"}],"about":[{"href":"https:\/\/synnorelectric.com\/fr\/wp-json\/wp\/v2\/types\/product"}],"version-history":[{"count":1,"href":"https:\/\/synnorelectric.com\/fr\/wp-json\/wp\/v2\/product\/3227\/revisions"}],"predecessor-version":[{"id":3235,"href":"https:\/\/synnorelectric.com\/fr\/wp-json\/wp\/v2\/product\/3227\/revisions\/3235"}],"wp:featuredmedia":[{"embeddable":true,"href":"https:\/\/synnorelectric.com\/fr\/wp-json\/wp\/v2\/media\/3228"}],"wp:attachment":[{"href":"https:\/\/synnorelectric.com\/fr\/wp-json\/wp\/v2\/media?parent=3227"}],"wp:term":[{"taxonomy":"product_brand","embeddable":true,"href":"https:\/\/synnorelectric.com\/fr\/wp-json\/wp\/v2\/product_brand?post=3227"},{"taxonomy":"product_cat","embeddable":true,"href":"https:\/\/synnorelectric.com\/fr\/wp-json\/wp\/v2\/product_cat?post=3227"},{"taxonomy":"product_tag","embeddable":true,"href":"https:\/\/synnorelectric.com\/fr\/wp-json\/wp\/v2\/product_tag?post=3227"}],"curies":[{"name":"wp","href":"https:\/\/api.w.org\/{rel}","templated":true}]}}