{"id":2772,"date":"2025-11-17T17:23:27","date_gmt":"2025-11-17T09:23:27","guid":{"rendered":"https:\/\/synnorelectric.com\/?post_type=product&#038;p=2772"},"modified":"2025-11-17T17:26:32","modified_gmt":"2025-11-17T09:26:32","slug":"caixa-eletrica-de-aco-metalica-para-montagem-em-parede-externa-modelo-snt-para-projetos-industriais","status":"publish","type":"product","link":"https:\/\/synnorelectric.com\/pt\/product\/caixa-eletrica-de-aco-metalica-para-montagem-em-parede-externa-modelo-snt-para-projetos-industriais\/","title":{"rendered":"Caixa el\u00e9trica de a\u00e7o met\u00e1lica para montagem em parede, para uso externo, da SNT, para projetos industriais."},"content":{"rendered":"","protected":false},"excerpt":{"rendered":"","protected":false},"featured_media":2773,"template":"","meta":{"_uag_custom_page_level_css":"","site-sidebar-layout":"default","site-content-layout":"","ast-site-content-layout":"default","site-content-style":"default","site-sidebar-style":"default","ast-global-header-display":"","ast-banner-title-visibility":"","ast-main-header-display":"","ast-hfb-above-header-display":"","ast-hfb-below-header-display":"","ast-hfb-mobile-header-display":"","site-post-title":"","ast-breadcrumbs-content":"","ast-featured-img":"","footer-sml-layout":"","theme-transparent-header-meta":"default","adv-header-id-meta":"","stick-header-meta":"","header-above-stick-meta":"","header-main-stick-meta":"","header-below-stick-meta":"","astra-migrate-meta-layouts":"set","ast-page-background-enabled":"default","ast-page-background-meta":{"desktop":{"background-color":"","background-image":"","background-repeat":"repeat","background-position":"center center","background-size":"auto","background-attachment":"scroll","background-type":"","background-media":"","overlay-type":"","overlay-color":"","overlay-opacity":"","overlay-gradient":""},"tablet":{"background-color":"","background-image":"","background-repeat":"repeat","background-position":"center center","background-size":"auto","background-attachment":"scroll","background-type":"","background-media":"","overlay-type":"","overlay-color":"","overlay-opacity":"","overlay-gradient":""},"mobile":{"background-color":"","background-image":"","background-repeat":"repeat","background-position":"center center","background-size":"auto","background-attachment":"scroll","background-type":"","background-media":"","overlay-type":"","overlay-color":"","overlay-opacity":"","overlay-gradient":""}},"ast-content-background-meta":{"desktop":{"background-color":"var(--ast-global-color-5)","background-image":"","background-repeat":"repeat","background-position":"center center","background-size":"auto","background-attachment":"scroll","background-type":"","background-media":"","overlay-type":"","overlay-color":"","overlay-opacity":"","overlay-gradient":""},"tablet":{"background-color":"var(--ast-global-color-5)","background-image":"","background-repeat":"repeat","background-position":"center center","background-size":"auto","background-attachment":"scroll","background-type":"","background-media":"","overlay-type":"","overlay-color":"","overlay-opacity":"","overlay-gradient":""},"mobile":{"background-color":"var(--ast-global-color-5)","background-image":"","background-repeat":"repeat","background-position":"center center","background-size":"auto","background-attachment":"scroll","background-type":"","background-media":"","overlay-type":"","overlay-color":"","overlay-opacity":"","overlay-gradient":""}}},"product_brand":[],"product_cat":[41,44,50,45],"product_tag":[97],"class_list":{"0":"post-2772","1":"product","2":"type-product","3":"status-publish","4":"has-post-thumbnail","6":"product_cat-uncategorized","7":"product_cat-metal-enclosure","8":"product_cat-outdoor-metal-electrical-enclosure","9":"product_cat-wall-mounted-electrical-enclosure","10":"product_tag-snt2","11":"desktop-align-center","12":"tablet-align-left","13":"mobile-align-left","15":"first","16":"instock","17":"shipping-taxable","18":"product-type-simple"},"yoast_head":"<!-- This site is optimized with the Yoast SEO plugin v26.4 - https:\/\/yoast.com\/wordpress\/plugins\/seo\/ -->\n<title>SNT Outdoor Metal Steel Wall Mounting Electrical Enclosure For Industrial Project - Synnor Electrical Enclosure<\/title>\n<meta name=\"robots\" content=\"index, follow, max-snippet:-1, max-image-preview:large, max-video-preview:-1\" \/>\n<link rel=\"canonical\" href=\"https:\/\/olive-raven-374711.hostingersite.com\/fr\/product\/snt-outdoor-metal-steel-wall-mounting-electrical-enclosure-for-industrial-project\/\" \/>\n<meta property=\"og:locale\" content=\"pt_PT\" \/>\n<meta property=\"og:type\" content=\"article\" \/>\n<meta property=\"og:title\" content=\"SNT Outdoor Metal Steel Wall Mounting Electrical Enclosure For Industrial Project - Synnor Electrical Enclosure\" \/>\n<meta property=\"og:url\" content=\"https:\/\/olive-raven-374711.hostingersite.com\/fr\/product\/snt-outdoor-metal-steel-wall-mounting-electrical-enclosure-for-industrial-project\/\" \/>\n<meta property=\"og:site_name\" content=\"Synnor Electrical Enclosure\" \/>\n<meta property=\"article:modified_time\" content=\"2025-11-17T09:26:32+00:00\" \/>\n<meta property=\"og:image\" content=\"https:\/\/synnorelectric.com\/wp-content\/uploads\/2025\/11\/\u94a2\u94c1-\u6237\u5916-\u65b0\u4e3b\u56fe4.jpg\" \/>\n\t<meta property=\"og:image:width\" content=\"1000\" \/>\n\t<meta property=\"og:image:height\" content=\"1000\" \/>\n\t<meta property=\"og:image:type\" content=\"image\/jpeg\" \/>\n<meta name=\"twitter:card\" content=\"summary_large_image\" \/>\n<script type=\"application\/ld+json\" class=\"yoast-schema-graph\">{\"@context\":\"https:\/\/schema.org\",\"@graph\":[{\"@type\":\"WebPage\",\"@id\":\"https:\/\/olive-raven-374711.hostingersite.com\/fr\/product\/snt-outdoor-metal-steel-wall-mounting-electrical-enclosure-for-industrial-project\/\",\"url\":\"https:\/\/olive-raven-374711.hostingersite.com\/fr\/product\/snt-outdoor-metal-steel-wall-mounting-electrical-enclosure-for-industrial-project\/\",\"name\":\"SNT Outdoor Metal Steel Wall Mounting Electrical Enclosure For Industrial Project - Synnor Electrical Enclosure\",\"isPartOf\":{\"@id\":\"https:\/\/synnorelectric.com\/pt\/#website\"},\"primaryImageOfPage\":{\"@id\":\"https:\/\/olive-raven-374711.hostingersite.com\/fr\/product\/snt-outdoor-metal-steel-wall-mounting-electrical-enclosure-for-industrial-project\/#primaryimage\"},\"image\":{\"@id\":\"https:\/\/olive-raven-374711.hostingersite.com\/fr\/product\/snt-outdoor-metal-steel-wall-mounting-electrical-enclosure-for-industrial-project\/#primaryimage\"},\"thumbnailUrl\":\"https:\/\/synnorelectric.com\/wp-content\/uploads\/2025\/11\/\u94a2\u94c1-\u6237\u5916-\u65b0\u4e3b\u56fe4.jpg\",\"datePublished\":\"2025-11-17T09:23:27+00:00\",\"dateModified\":\"2025-11-17T09:26:32+00:00\",\"breadcrumb\":{\"@id\":\"https:\/\/olive-raven-374711.hostingersite.com\/fr\/product\/snt-outdoor-metal-steel-wall-mounting-electrical-enclosure-for-industrial-project\/#breadcrumb\"},\"inLanguage\":\"pt-PT\",\"potentialAction\":[{\"@type\":\"ReadAction\",\"target\":[\"https:\/\/olive-raven-374711.hostingersite.com\/fr\/product\/snt-outdoor-metal-steel-wall-mounting-electrical-enclosure-for-industrial-project\/\"]}]},{\"@type\":\"ImageObject\",\"inLanguage\":\"pt-PT\",\"@id\":\"https:\/\/olive-raven-374711.hostingersite.com\/fr\/product\/snt-outdoor-metal-steel-wall-mounting-electrical-enclosure-for-industrial-project\/#primaryimage\",\"url\":\"https:\/\/synnorelectric.com\/wp-content\/uploads\/2025\/11\/\u94a2\u94c1-\u6237\u5916-\u65b0\u4e3b\u56fe4.jpg\",\"contentUrl\":\"https:\/\/synnorelectric.com\/wp-content\/uploads\/2025\/11\/\u94a2\u94c1-\u6237\u5916-\u65b0\u4e3b\u56fe4.jpg\",\"width\":1000,\"height\":1000,\"caption\":\"snt metal steel wall mounting control panel electrical enclosure (\u590d\u5236)\"},{\"@type\":\"BreadcrumbList\",\"@id\":\"https:\/\/olive-raven-374711.hostingersite.com\/fr\/product\/snt-outdoor-metal-steel-wall-mounting-electrical-enclosure-for-industrial-project\/#breadcrumb\",\"itemListElement\":[{\"@type\":\"ListItem\",\"position\":1,\"name\":\"\u9996\u9875\",\"item\":\"https:\/\/olive-raven-374711.hostingersite.com\/th\/\"},{\"@type\":\"ListItem\",\"position\":2,\"name\":\"Products\",\"item\":\"https:\/\/synnorelectric.com\/pt\/product-2\/\"},{\"@type\":\"ListItem\",\"position\":3,\"name\":\"SNT Outdoor Metal Steel Wall Mounting Electrical Enclosure For Industrial Project\"}]},{\"@type\":\"WebSite\",\"@id\":\"https:\/\/synnorelectric.com\/pt\/#website\",\"url\":\"https:\/\/synnorelectric.com\/pt\/\",\"name\":\"Synnor Electrical Enclosure\",\"description\":\"Power Distribution Box Factory, Plastic Box Factory, Waterproof Electrical Box Factory, Electrical Equipment, Electronics Instrument Enclosures, Electric Distribution Board, Household Distribution Box, Electrical Wire, Waterproof Plastic Box, Metal Enclosure, Stainless Steel Enclosure, Metal Panel, Control Panel, junction box, electrical box, electrical panel, electric cabinet, distribution panel, electrical enclosure, Electric Enclosure, Combiner Box\",\"publisher\":{\"@id\":\"https:\/\/synnorelectric.com\/pt\/#organization\"},\"potentialAction\":[{\"@type\":\"SearchAction\",\"target\":{\"@type\":\"EntryPoint\",\"urlTemplate\":\"https:\/\/synnorelectric.com\/pt\/?s={search_term_string}\"},\"query-input\":{\"@type\":\"PropertyValueSpecification\",\"valueRequired\":true,\"valueName\":\"search_term_string\"}}],\"inLanguage\":\"pt-PT\"},{\"@type\":\"Organization\",\"@id\":\"https:\/\/synnorelectric.com\/pt\/#organization\",\"name\":\"Synnor Electrical Enclosure\",\"url\":\"https:\/\/synnorelectric.com\/pt\/\",\"logo\":{\"@type\":\"ImageObject\",\"inLanguage\":\"pt-PT\",\"@id\":\"https:\/\/synnorelectric.com\/pt\/#\/schema\/logo\/image\/\",\"url\":\"https:\/\/synnorelectric.com\/wp-content\/uploads\/2025\/09\/logo-sn.png\",\"contentUrl\":\"https:\/\/synnorelectric.com\/wp-content\/uploads\/2025\/09\/logo-sn.png\",\"width\":1024,\"height\":1024,\"caption\":\"Synnor Electrical Enclosure\"},\"image\":{\"@id\":\"https:\/\/synnorelectric.com\/pt\/#\/schema\/logo\/image\/\"}}]}<\/script>\n<!-- \/ Yoast SEO plugin. -->","yoast_head_json":{"title":"Caixa el\u00e9trica de parede met\u00e1lica externa SNT para projetos industriais - Synnor Electrical Enclosure","robots":{"index":"index","follow":"follow","max-snippet":"max-snippet:-1","max-image-preview":"max-image-preview:large","max-video-preview":"max-video-preview:-1"},"canonical":"https:\/\/olive-raven-374711.hostingersite.com\/fr\/product\/snt-outdoor-metal-steel-wall-mounting-electrical-enclosure-for-industrial-project\/","og_locale":"pt_PT","og_type":"article","og_title":"SNT Outdoor Metal Steel Wall Mounting Electrical Enclosure For Industrial Project - Synnor Electrical Enclosure","og_url":"https:\/\/olive-raven-374711.hostingersite.com\/fr\/product\/snt-outdoor-metal-steel-wall-mounting-electrical-enclosure-for-industrial-project\/","og_site_name":"Synnor Electrical Enclosure","article_modified_time":"2025-11-17T09:26:32+00:00","og_image":[{"width":1000,"height":1000,"url":"https:\/\/synnorelectric.com\/wp-content\/uploads\/2025\/11\/\u94a2\u94c1-\u6237\u5916-\u65b0\u4e3b\u56fe4.jpg","type":"image\/jpeg"}],"twitter_card":"summary_large_image","schema":{"@context":"https:\/\/schema.org","@graph":[{"@type":"WebPage","@id":"https:\/\/olive-raven-374711.hostingersite.com\/fr\/product\/snt-outdoor-metal-steel-wall-mounting-electrical-enclosure-for-industrial-project\/","url":"https:\/\/olive-raven-374711.hostingersite.com\/fr\/product\/snt-outdoor-metal-steel-wall-mounting-electrical-enclosure-for-industrial-project\/","name":"Caixa el\u00e9trica de parede met\u00e1lica externa SNT para projetos industriais - Synnor Electrical Enclosure","isPartOf":{"@id":"https:\/\/synnorelectric.com\/pt\/#website"},"primaryImageOfPage":{"@id":"https:\/\/olive-raven-374711.hostingersite.com\/fr\/product\/snt-outdoor-metal-steel-wall-mounting-electrical-enclosure-for-industrial-project\/#primaryimage"},"image":{"@id":"https:\/\/olive-raven-374711.hostingersite.com\/fr\/product\/snt-outdoor-metal-steel-wall-mounting-electrical-enclosure-for-industrial-project\/#primaryimage"},"thumbnailUrl":"https:\/\/synnorelectric.com\/wp-content\/uploads\/2025\/11\/\u94a2\u94c1-\u6237\u5916-\u65b0\u4e3b\u56fe4.jpg","datePublished":"2025-11-17T09:23:27+00:00","dateModified":"2025-11-17T09:26:32+00:00","breadcrumb":{"@id":"https:\/\/olive-raven-374711.hostingersite.com\/fr\/product\/snt-outdoor-metal-steel-wall-mounting-electrical-enclosure-for-industrial-project\/#breadcrumb"},"inLanguage":"pt-PT","potentialAction":[{"@type":"ReadAction","target":["https:\/\/olive-raven-374711.hostingersite.com\/fr\/product\/snt-outdoor-metal-steel-wall-mounting-electrical-enclosure-for-industrial-project\/"]}]},{"@type":"ImageObject","inLanguage":"pt-PT","@id":"https:\/\/olive-raven-374711.hostingersite.com\/fr\/product\/snt-outdoor-metal-steel-wall-mounting-electrical-enclosure-for-industrial-project\/#primaryimage","url":"https:\/\/synnorelectric.com\/wp-content\/uploads\/2025\/11\/\u94a2\u94c1-\u6237\u5916-\u65b0\u4e3b\u56fe4.jpg","contentUrl":"https:\/\/synnorelectric.com\/wp-content\/uploads\/2025\/11\/\u94a2\u94c1-\u6237\u5916-\u65b0\u4e3b\u56fe4.jpg","width":1000,"height":1000,"caption":"snt metal steel wall mounting control panel electrical enclosure (\u590d\u5236)"},{"@type":"BreadcrumbList","@id":"https:\/\/olive-raven-374711.hostingersite.com\/fr\/product\/snt-outdoor-metal-steel-wall-mounting-electrical-enclosure-for-industrial-project\/#breadcrumb","itemListElement":[{"@type":"ListItem","position":1,"name":"\u9996\u9875","item":"https:\/\/olive-raven-374711.hostingersite.com\/th\/"},{"@type":"ListItem","position":2,"name":"Products","item":"https:\/\/synnorelectric.com\/pt\/product-2\/"},{"@type":"ListItem","position":3,"name":"SNT Outdoor Metal Steel Wall Mounting Electrical Enclosure For Industrial Project"}]},{"@type":"WebSite","@id":"https:\/\/synnorelectric.com\/pt\/#website","url":"https:\/\/synnorelectric.com\/pt\/","name":"Caixa el\u00e9trica Synnor","description":"F\u00e1brica de caixas de distribui\u00e7\u00e3o de energia, f\u00e1brica de caixas pl\u00e1sticas, f\u00e1brica de caixas el\u00e9tricas \u00e0 prova d&#039;\u00e1gua, equipamentos el\u00e9tricos, gabinetes para instrumentos eletr\u00f4nicos, quadro de distribui\u00e7\u00e3o el\u00e9trica, caixa de distribui\u00e7\u00e3o residencial, fios el\u00e9tricos, caixa pl\u00e1stica \u00e0 prova d&#039;\u00e1gua, gabinete met\u00e1lico, gabinete de a\u00e7o inoxid\u00e1vel, painel met\u00e1lico, painel de controle, caixa de jun\u00e7\u00e3o, caixa el\u00e9trica, painel el\u00e9trico, arm\u00e1rio el\u00e9trico, painel de distribui\u00e7\u00e3o, gabinete el\u00e9trico, gabinete el\u00e9trico, caixa de jun\u00e7\u00e3o","publisher":{"@id":"https:\/\/synnorelectric.com\/pt\/#organization"},"potentialAction":[{"@type":"SearchAction","target":{"@type":"EntryPoint","urlTemplate":"https:\/\/synnorelectric.com\/pt\/?s={search_term_string}"},"query-input":{"@type":"PropertyValueSpecification","valueRequired":true,"valueName":"search_term_string"}}],"inLanguage":"pt-PT"},{"@type":"Organization","@id":"https:\/\/synnorelectric.com\/pt\/#organization","name":"Caixa el\u00e9trica Synnor","url":"https:\/\/synnorelectric.com\/pt\/","logo":{"@type":"ImageObject","inLanguage":"pt-PT","@id":"https:\/\/synnorelectric.com\/pt\/#\/schema\/logo\/image\/","url":"https:\/\/synnorelectric.com\/wp-content\/uploads\/2025\/09\/logo-sn.png","contentUrl":"https:\/\/synnorelectric.com\/wp-content\/uploads\/2025\/09\/logo-sn.png","width":1024,"height":1024,"caption":"Synnor Electrical Enclosure"},"image":{"@id":"https:\/\/synnorelectric.com\/pt\/#\/schema\/logo\/image\/"}}]}},"spectra_custom_meta":{"surerank_seo_checks":["a:13:{s:14:\"h2_subheadings\";a:2:{s:6:\"status\";s:7:\"warning\";s:7:\"message\";s:42:\"The page does not contain any subheadings.\";}s:13:\"media_present\";a:2:{s:6:\"status\";s:7:\"success\";s:7:\"message\";s:55:\"This page includes images or videos to enhance content.\";}s:13:\"links_present\";a:2:{s:6:\"status\";s:7:\"warning\";s:7:\"message\";s:27:\"No links found on the page.\";}s:10:\"url_length\";a:2:{s:6:\"status\";s:7:\"warning\";s:7:\"message\";s:73:\"Page URL is longer than 90 characters and may affect SEO and readability.\";}s:19:\"search_engine_title\";a:2:{s:6:\"status\";s:7:\"warning\";s:7:\"message\";s:42:\"Search engine title exceeds 60 characters.\";}s:25:\"search_engine_description\";a:2:{s:6:\"status\";s:7:\"warning\";s:7:\"message\";s:49:\"Search engine description is missing on the page.\";}s:13:\"canonical_url\";a:2:{s:6:\"status\";s:7:\"success\";s:7:\"message\";s:37:\"Canonical tag is present on the page.\";}s:15:\"open_graph_tags\";a:2:{s:6:\"status\";s:7:\"success\";s:7:\"message\";s:40:\"Open Graph tags are present on the page.\";}s:16:\"keyword_in_title\";a:2:{s:6:\"status\";s:10:\"suggestion\";s:7:\"message\";s:38:\"No focus keyword set to analyze title.\";}s:22:\"keyword_in_description\";a:2:{s:6:\"status\";s:10:\"suggestion\";s:7:\"message\";s:49:\"No focus keyword set to analyze meta description.\";}s:14:\"keyword_in_url\";a:2:{s:6:\"status\";s:10:\"suggestion\";s:7:\"message\";s:36:\"No focus keyword set to analyze URL.\";}s:18:\"keyword_in_content\";a:2:{s:6:\"status\";s:10:\"suggestion\";s:7:\"message\";s:40:\"No focus keyword set to analyze content.\";}s:12:\"broken_links\";a:2:{s:6:\"status\";s:7:\"success\";s:7:\"message\";s:34:\"No broken links found on the page.\";}}","a:13:{s:14:\"h2_subheadings\";a:2:{s:6:\"status\";s:7:\"warning\";s:7:\"message\";s:42:\"The page does not contain any subheadings.\";}s:13:\"media_present\";a:2:{s:6:\"status\";s:7:\"success\";s:7:\"message\";s:55:\"This page includes images or videos to enhance content.\";}s:13:\"links_present\";a:2:{s:6:\"status\";s:7:\"warning\";s:7:\"message\";s:27:\"No links found on the page.\";}s:10:\"url_length\";a:2:{s:6:\"status\";s:7:\"warning\";s:7:\"message\";s:73:\"Page URL is longer than 90 characters and may affect SEO and readability.\";}s:19:\"search_engine_title\";a:2:{s:6:\"status\";s:7:\"warning\";s:7:\"message\";s:42:\"Search engine title exceeds 60 characters.\";}s:25:\"search_engine_description\";a:2:{s:6:\"status\";s:7:\"warning\";s:7:\"message\";s:49:\"Search engine description is missing on the page.\";}s:13:\"canonical_url\";a:2:{s:6:\"status\";s:7:\"success\";s:7:\"message\";s:37:\"Canonical tag is present on the page.\";}s:15:\"open_graph_tags\";a:2:{s:6:\"status\";s:7:\"success\";s:7:\"message\";s:40:\"Open Graph tags are present on the page.\";}s:16:\"keyword_in_title\";a:2:{s:6:\"status\";s:10:\"suggestion\";s:7:\"message\";s:38:\"No focus keyword set to analyze title.\";}s:22:\"keyword_in_description\";a:2:{s:6:\"status\";s:10:\"suggestion\";s:7:\"message\";s:49:\"No focus keyword set to analyze meta description.\";}s:14:\"keyword_in_url\";a:2:{s:6:\"status\";s:10:\"suggestion\";s:7:\"message\";s:36:\"No focus keyword set to analyze URL.\";}s:18:\"keyword_in_content\";a:2:{s:6:\"status\";s:10:\"suggestion\";s:7:\"message\";s:40:\"No focus keyword set to analyze content.\";}s:12:\"broken_links\";a:2:{s:6:\"status\";s:7:\"success\";s:7:\"message\";s:34:\"No broken links found on the page.\";}}"],"surerank_seo_checks_last_updated":["1764300213","1764300213"],"total_sales":["0"],"_tax_status":["taxable"],"_tax_class":[""],"_manage_stock":["no"],"_backorders":["no"],"_sold_individually":["no"],"_virtual":["no"],"_downloadable":["no"],"_product_image_gallery":["2774,2775,2776,2777"],"_download_limit":["-1"],"_download_expiry":["-1"],"_thumbnail_id":["2773"],"_stock":[null],"_stock_status":["instock"],"_wc_average_rating":["0"],"_wc_review_count":["0"],"_product_attributes":["a:3:{s:11:\"pa_material\";a:6:{s:4:\"name\";s:11:\"pa_material\";s:5:\"value\";s:0:\"\";s:8:\"position\";i:0;s:10:\"is_visible\";i:1;s:12:\"is_variation\";i:0;s:11:\"is_taxonomy\";i:1;}s:12:\"pa_ip-rating\";a:6:{s:4:\"name\";s:12:\"pa_ip-rating\";s:5:\"value\";s:0:\"\";s:8:\"position\";i:1;s:10:\"is_visible\";i:1;s:12:\"is_variation\";i:0;s:11:\"is_taxonomy\";i:1;}s:14:\"pa_application\";a:6:{s:4:\"name\";s:14:\"pa_application\";s:5:\"value\";s:0:\"\";s:8:\"position\";i:2;s:10:\"is_visible\";i:1;s:12:\"is_variation\";i:0;s:11:\"is_taxonomy\";i:1;}}"],"_product_version":["10.2.2"],"site-sidebar-layout":["default"],"ast-site-content-layout":["default"],"site-content-style":["default"],"site-sidebar-style":["default"],"theme-transparent-header-meta":["default"],"ekit_post_views_count":["392"],"_wp_page_template":["default"],"_edit_lock":["1763371462:1"],"_edit_last":["1"],"astra-migrate-meta-layouts":["set"],"_uag_page_assets":["a:9:{s:3:\"css\";s:263:\".uag-blocks-common-selector{z-index:var(--z-index-desktop) !important}@media (max-width: 976px){.uag-blocks-common-selector{z-index:var(--z-index-tablet) !important}}@media (max-width: 767px){.uag-blocks-common-selector{z-index:var(--z-index-mobile) !important}}\n\";s:2:\"js\";s:0:\"\";s:18:\"current_block_list\";a:12:{i:0;s:11:\"core\/search\";i:1;s:10:\"core\/group\";i:2;s:12:\"core\/heading\";i:3;s:17:\"core\/latest-posts\";i:4;s:20:\"core\/latest-comments\";i:5;s:13:\"core\/archives\";i:6;s:15:\"core\/categories\";i:7;s:14:\"core\/paragraph\";i:8;s:10:\"core\/image\";i:9;s:14:\"core\/shortcode\";i:10;s:9:\"core\/list\";i:11;s:14:\"core\/list-item\";}s:8:\"uag_flag\";b:0;s:11:\"uag_version\";s:10:\"1776403621\";s:6:\"gfonts\";a:0:{}s:10:\"gfonts_url\";s:0:\"\";s:12:\"gfonts_files\";a:0:{}s:14:\"uag_faq_layout\";b:0;}"],"_elementor_page_assets":["a:0:{}"],"_uag_css_file_name":["uag-css-2772.css"]},"uagb_featured_image_src":{"full":["https:\/\/synnorelectric.com\/wp-content\/uploads\/2025\/11\/\u94a2\u94c1-\u6237\u5916-\u65b0\u4e3b\u56fe4.jpg",1000,1000,false],"thumbnail":["https:\/\/synnorelectric.com\/wp-content\/uploads\/2025\/11\/\u94a2\u94c1-\u6237\u5916-\u65b0\u4e3b\u56fe4-150x150.jpg",150,150,true],"medium":["https:\/\/synnorelectric.com\/wp-content\/uploads\/2025\/11\/\u94a2\u94c1-\u6237\u5916-\u65b0\u4e3b\u56fe4-300x300.jpg",300,300,true],"medium_large":["https:\/\/synnorelectric.com\/wp-content\/uploads\/2025\/11\/\u94a2\u94c1-\u6237\u5916-\u65b0\u4e3b\u56fe4-768x768.jpg",768,768,true],"large":["https:\/\/synnorelectric.com\/wp-content\/uploads\/2025\/11\/\u94a2\u94c1-\u6237\u5916-\u65b0\u4e3b\u56fe4.jpg",1000,1000,false],"1536x1536":["https:\/\/synnorelectric.com\/wp-content\/uploads\/2025\/11\/\u94a2\u94c1-\u6237\u5916-\u65b0\u4e3b\u56fe4.jpg",1000,1000,false],"2048x2048":["https:\/\/synnorelectric.com\/wp-content\/uploads\/2025\/11\/\u94a2\u94c1-\u6237\u5916-\u65b0\u4e3b\u56fe4.jpg",1000,1000,false],"trp-custom-language-flag":["https:\/\/synnorelectric.com\/wp-content\/uploads\/2025\/11\/\u94a2\u94c1-\u6237\u5916-\u65b0\u4e3b\u56fe4.jpg",12,12,false],"woocommerce_thumbnail":["https:\/\/synnorelectric.com\/wp-content\/uploads\/2025\/11\/\u94a2\u94c1-\u6237\u5916-\u65b0\u4e3b\u56fe4-300x300.jpg",300,300,true],"woocommerce_single":["https:\/\/synnorelectric.com\/wp-content\/uploads\/2025\/11\/\u94a2\u94c1-\u6237\u5916-\u65b0\u4e3b\u56fe4-600x600.jpg",600,600,true],"woocommerce_gallery_thumbnail":["https:\/\/synnorelectric.com\/wp-content\/uploads\/2025\/11\/\u94a2\u94c1-\u6237\u5916-\u65b0\u4e3b\u56fe4-100x100.jpg",100,100,true],"dgwt-wcas-product-suggestion":["https:\/\/synnorelectric.com\/wp-content\/uploads\/2025\/11\/\u94a2\u94c1-\u6237\u5916-\u65b0\u4e3b\u56fe4-64x64.jpg",64,64,true]},"uagb_author_info":{"display_name":"missy0922","author_link":"https:\/\/synnorelectric.com\/pt\/author\/"},"uagb_comment_info":0,"uagb_excerpt":null,"_links":{"self":[{"href":"https:\/\/synnorelectric.com\/pt\/wp-json\/wp\/v2\/product\/2772","targetHints":{"allow":["GET"]}}],"collection":[{"href":"https:\/\/synnorelectric.com\/pt\/wp-json\/wp\/v2\/product"}],"about":[{"href":"https:\/\/synnorelectric.com\/pt\/wp-json\/wp\/v2\/types\/product"}],"version-history":[{"count":1,"href":"https:\/\/synnorelectric.com\/pt\/wp-json\/wp\/v2\/product\/2772\/revisions"}],"predecessor-version":[{"id":2778,"href":"https:\/\/synnorelectric.com\/pt\/wp-json\/wp\/v2\/product\/2772\/revisions\/2778"}],"wp:featuredmedia":[{"embeddable":true,"href":"https:\/\/synnorelectric.com\/pt\/wp-json\/wp\/v2\/media\/2773"}],"wp:attachment":[{"href":"https:\/\/synnorelectric.com\/pt\/wp-json\/wp\/v2\/media?parent=2772"}],"wp:term":[{"taxonomy":"product_brand","embeddable":true,"href":"https:\/\/synnorelectric.com\/pt\/wp-json\/wp\/v2\/product_brand?post=2772"},{"taxonomy":"product_cat","embeddable":true,"href":"https:\/\/synnorelectric.com\/pt\/wp-json\/wp\/v2\/product_cat?post=2772"},{"taxonomy":"product_tag","embeddable":true,"href":"https:\/\/synnorelectric.com\/pt\/wp-json\/wp\/v2\/product_tag?post=2772"}],"curies":[{"name":"wp","href":"https:\/\/api.w.org\/{rel}","templated":true}]}}