{"id":1776,"date":"2025-10-17T11:55:16","date_gmt":"2025-10-17T03:55:16","guid":{"rendered":"https:\/\/synnorelectric.com\/?post_type=product&#038;p=1776"},"modified":"2025-11-17T16:34:05","modified_gmt":"2025-11-17T08:34:05","slug":"sn-304-paslanmaz-celik-duvara-monte-dagitim-kutusu","status":"publish","type":"product","link":"https:\/\/synnorelectric.com\/tr\/product\/sn-304-paslanmaz-celik-duvara-monte-dagitim-kutusu\/","title":{"rendered":"SNS D\u0131\u015f Mekan 304 Paslanmaz \u00c7elik IP66 IK10 Duvara Monte Elektrik Da\u011f\u0131t\u0131m Kutusu"},"content":{"rendered":"","protected":false},"excerpt":{"rendered":"","protected":false},"featured_media":2726,"template":"","meta":{"_uag_custom_page_level_css":"","site-sidebar-layout":"default","site-content-layout":"","ast-site-content-layout":"default","site-content-style":"default","site-sidebar-style":"default","ast-global-header-display":"","ast-banner-title-visibility":"","ast-main-header-display":"","ast-hfb-above-header-display":"","ast-hfb-below-header-display":"","ast-hfb-mobile-header-display":"","site-post-title":"","ast-breadcrumbs-content":"","ast-featured-img":"","footer-sml-layout":"","ast-disable-related-posts":"","theme-transparent-header-meta":"default","adv-header-id-meta":"","stick-header-meta":"","header-above-stick-meta":"","header-main-stick-meta":"","header-below-stick-meta":"","astra-migrate-meta-layouts":"set","ast-page-background-enabled":"default","ast-page-background-meta":{"desktop":{"background-color":"","background-image":"","background-repeat":"repeat","background-position":"center center","background-size":"auto","background-attachment":"scroll","background-type":"","background-media":"","overlay-type":"","overlay-color":"","overlay-opacity":"","overlay-gradient":""},"tablet":{"background-color":"","background-image":"","background-repeat":"repeat","background-position":"center center","background-size":"auto","background-attachment":"scroll","background-type":"","background-media":"","overlay-type":"","overlay-color":"","overlay-opacity":"","overlay-gradient":""},"mobile":{"background-color":"","background-image":"","background-repeat":"repeat","background-position":"center center","background-size":"auto","background-attachment":"scroll","background-type":"","background-media":"","overlay-type":"","overlay-color":"","overlay-opacity":"","overlay-gradient":""}},"ast-content-background-meta":{"desktop":{"background-color":"var(--ast-global-color-5)","background-image":"","background-repeat":"repeat","background-position":"center center","background-size":"auto","background-attachment":"scroll","background-type":"","background-media":"","overlay-type":"","overlay-color":"","overlay-opacity":"","overlay-gradient":""},"tablet":{"background-color":"var(--ast-global-color-5)","background-image":"","background-repeat":"repeat","background-position":"center center","background-size":"auto","background-attachment":"scroll","background-type":"","background-media":"","overlay-type":"","overlay-color":"","overlay-opacity":"","overlay-gradient":""},"mobile":{"background-color":"var(--ast-global-color-5)","background-image":"","background-repeat":"repeat","background-position":"center center","background-size":"auto","background-attachment":"scroll","background-type":"","background-media":"","overlay-type":"","overlay-color":"","overlay-opacity":"","overlay-gradient":""}}},"product_brand":[],"product_cat":[41,44,50,46,45],"product_tag":[143],"class_list":{"0":"post-1776","1":"product","2":"type-product","3":"status-publish","4":"has-post-thumbnail","6":"product_cat-uncategorized","7":"product_cat-metal-enclosure","8":"product_cat-outdoor-metal-electrical-enclosure","9":"product_cat-stainless-steel-electrical-enclosure","10":"product_cat-wall-mounted-electrical-enclosure","11":"product_tag-sns2","12":"desktop-align-center","13":"tablet-align-left","14":"mobile-align-left","16":"first","17":"instock","18":"shipping-taxable","19":"product-type-simple"},"yoast_head":"<!-- This site is optimized with the Yoast SEO plugin v27.4 - https:\/\/yoast.com\/product\/yoast-seo-wordpress\/ -->\n<title>SNS Outdoor 304 Stainless Steel IP66 IK10 Wall Mounting Electrical Enclosure Distribution Box - Synnor Electrical Enclosure<\/title>\n<meta name=\"robots\" content=\"index, follow, max-snippet:-1, max-image-preview:large, max-video-preview:-1\" \/>\n<link rel=\"canonical\" href=\"https:\/\/olive-raven-374711.hostingersite.com\/fr\/product\/boitier-de-distribution-mural-en-acier-inoxydable-304\/\" \/>\n<meta property=\"og:locale\" content=\"tr_TR\" \/>\n<meta property=\"og:type\" content=\"article\" \/>\n<meta property=\"og:title\" content=\"SNS Outdoor 304 Stainless Steel IP66 IK10 Wall Mounting Electrical Enclosure Distribution Box - Synnor Electrical Enclosure\" \/>\n<meta property=\"og:url\" content=\"https:\/\/olive-raven-374711.hostingersite.com\/fr\/product\/boitier-de-distribution-mural-en-acier-inoxydable-304\/\" \/>\n<meta property=\"og:site_name\" content=\"Synnor Electrical Enclosure\" \/>\n<meta property=\"article:modified_time\" content=\"2025-11-17T08:34:05+00:00\" \/>\n<meta property=\"og:image\" content=\"https:\/\/synnorelectric.com\/wp-content\/uploads\/2025\/10\/\u5357\u57df\u6807\u51c6\u4e0d\u9508\u94a2\u7535\u7bb1\u6237\u5916\u4e3b\u56fe8.jpg\" \/>\n\t<meta property=\"og:image:width\" content=\"1000\" \/>\n\t<meta property=\"og:image:height\" content=\"1000\" \/>\n\t<meta property=\"og:image:type\" content=\"image\/jpeg\" \/>\n<meta name=\"twitter:card\" content=\"summary_large_image\" \/>\n<script type=\"application\/ld+json\" class=\"yoast-schema-graph\">{\"@context\":\"https:\\\/\\\/schema.org\",\"@graph\":[{\"@type\":\"WebPage\",\"@id\":\"https:\\\/\\\/olive-raven-374711.hostingersite.com\\\/fr\\\/product\\\/boitier-de-distribution-mural-en-acier-inoxydable-304\\\/\",\"url\":\"https:\\\/\\\/olive-raven-374711.hostingersite.com\\\/fr\\\/product\\\/boitier-de-distribution-mural-en-acier-inoxydable-304\\\/\",\"name\":\"SNS Outdoor 304 Stainless Steel IP66 IK10 Wall Mounting Electrical Enclosure Distribution Box - Synnor Electrical Enclosure\",\"isPartOf\":{\"@id\":\"https:\\\/\\\/synnorelectric.com\\\/pt\\\/#website\"},\"primaryImageOfPage\":{\"@id\":\"https:\\\/\\\/olive-raven-374711.hostingersite.com\\\/fr\\\/product\\\/boitier-de-distribution-mural-en-acier-inoxydable-304\\\/#primaryimage\"},\"image\":{\"@id\":\"https:\\\/\\\/olive-raven-374711.hostingersite.com\\\/fr\\\/product\\\/boitier-de-distribution-mural-en-acier-inoxydable-304\\\/#primaryimage\"},\"thumbnailUrl\":\"https:\\\/\\\/synnorelectric.com\\\/wp-content\\\/uploads\\\/2025\\\/10\\\/\u5357\u57df\u6807\u51c6\u4e0d\u9508\u94a2\u7535\u7bb1\u6237\u5916\u4e3b\u56fe8.jpg\",\"datePublished\":\"2025-10-17T03:55:16+00:00\",\"dateModified\":\"2025-11-17T08:34:05+00:00\",\"breadcrumb\":{\"@id\":\"https:\\\/\\\/olive-raven-374711.hostingersite.com\\\/fr\\\/product\\\/boitier-de-distribution-mural-en-acier-inoxydable-304\\\/#breadcrumb\"},\"inLanguage\":\"tr\",\"potentialAction\":[{\"@type\":\"ReadAction\",\"target\":[\"https:\\\/\\\/olive-raven-374711.hostingersite.com\\\/fr\\\/product\\\/boitier-de-distribution-mural-en-acier-inoxydable-304\\\/\"]}]},{\"@type\":\"ImageObject\",\"inLanguage\":\"tr\",\"@id\":\"https:\\\/\\\/olive-raven-374711.hostingersite.com\\\/fr\\\/product\\\/boitier-de-distribution-mural-en-acier-inoxydable-304\\\/#primaryimage\",\"url\":\"https:\\\/\\\/synnorelectric.com\\\/wp-content\\\/uploads\\\/2025\\\/10\\\/\u5357\u57df\u6807\u51c6\u4e0d\u9508\u94a2\u7535\u7bb1\u6237\u5916\u4e3b\u56fe8.jpg\",\"contentUrl\":\"https:\\\/\\\/synnorelectric.com\\\/wp-content\\\/uploads\\\/2025\\\/10\\\/\u5357\u57df\u6807\u51c6\u4e0d\u9508\u94a2\u7535\u7bb1\u6237\u5916\u4e3b\u56fe8.jpg\",\"width\":1000,\"height\":1000,\"caption\":\"sn 304 stainless steel wall mounted enclosure distribution box\"},{\"@type\":\"BreadcrumbList\",\"@id\":\"https:\\\/\\\/olive-raven-374711.hostingersite.com\\\/fr\\\/product\\\/boitier-de-distribution-mural-en-acier-inoxydable-304\\\/#breadcrumb\",\"itemListElement\":[{\"@type\":\"ListItem\",\"position\":1,\"name\":\"\u9996\u9875\",\"item\":\"https:\\\/\\\/olive-raven-374711.hostingersite.com\\\/th\\\/\"},{\"@type\":\"ListItem\",\"position\":2,\"name\":\"Products\",\"item\":\"https:\\\/\\\/synnorelectric.com\\\/pt\\\/product-2\\\/\"},{\"@type\":\"ListItem\",\"position\":3,\"name\":\"SNS Outdoor 304 Stainless Steel IP66 IK10 Wall Mounting Electrical Enclosure Distribution Box\"}]},{\"@type\":\"WebSite\",\"@id\":\"https:\\\/\\\/synnorelectric.com\\\/pt\\\/#website\",\"url\":\"https:\\\/\\\/synnorelectric.com\\\/pt\\\/\",\"name\":\"Synnor Electrical Enclosure\",\"description\":\"Power Distribution Box Factory, Plastic Box Factory, Waterproof Electrical Box Factory, Electrical Equipment, Electronics Instrument Enclosures, Electric Distribution Board, Household Distribution Box, Electrical Wire, Waterproof Plastic Box, Metal Enclosure, Stainless Steel Enclosure, Metal Panel, Control Panel, junction box, electrical box, electrical panel, electric cabinet, distribution panel, electrical enclosure, Electric Enclosure, Combiner Box\",\"publisher\":{\"@id\":\"https:\\\/\\\/synnorelectric.com\\\/pt\\\/#organization\"},\"potentialAction\":[{\"@type\":\"SearchAction\",\"target\":{\"@type\":\"EntryPoint\",\"urlTemplate\":\"https:\\\/\\\/synnorelectric.com\\\/pt\\\/?s={search_term_string}\"},\"query-input\":{\"@type\":\"PropertyValueSpecification\",\"valueRequired\":true,\"valueName\":\"search_term_string\"}}],\"inLanguage\":\"tr\"},{\"@type\":\"Organization\",\"@id\":\"https:\\\/\\\/synnorelectric.com\\\/pt\\\/#organization\",\"name\":\"Synnor Electrical Enclosure\",\"url\":\"https:\\\/\\\/synnorelectric.com\\\/pt\\\/\",\"logo\":{\"@type\":\"ImageObject\",\"inLanguage\":\"tr\",\"@id\":\"https:\\\/\\\/synnorelectric.com\\\/pt\\\/#\\\/schema\\\/logo\\\/image\\\/\",\"url\":\"https:\\\/\\\/synnorelectric.com\\\/wp-content\\\/uploads\\\/2025\\\/09\\\/logo-sn.png\",\"contentUrl\":\"https:\\\/\\\/synnorelectric.com\\\/wp-content\\\/uploads\\\/2025\\\/09\\\/logo-sn.png\",\"width\":1024,\"height\":1024,\"caption\":\"Synnor Electrical Enclosure\"},\"image\":{\"@id\":\"https:\\\/\\\/synnorelectric.com\\\/pt\\\/#\\\/schema\\\/logo\\\/image\\\/\"}}]}<\/script>\n<!-- \/ Yoast SEO plugin. -->","yoast_head_json":{"title":"SNS Outdoor 304 Stainless Steel IP66 IK10 Wall Mounting Electrical Enclosure Distribution Box - Synnor Electrical Enclosure","robots":{"index":"index","follow":"follow","max-snippet":"max-snippet:-1","max-image-preview":"max-image-preview:large","max-video-preview":"max-video-preview:-1"},"canonical":"https:\/\/olive-raven-374711.hostingersite.com\/fr\/product\/boitier-de-distribution-mural-en-acier-inoxydable-304\/","og_locale":"tr_TR","og_type":"article","og_title":"SNS Outdoor 304 Stainless Steel IP66 IK10 Wall Mounting Electrical Enclosure Distribution Box - Synnor Electrical Enclosure","og_url":"https:\/\/olive-raven-374711.hostingersite.com\/fr\/product\/boitier-de-distribution-mural-en-acier-inoxydable-304\/","og_site_name":"Synnor Electrical Enclosure","article_modified_time":"2025-11-17T08:34:05+00:00","og_image":[{"width":1000,"height":1000,"url":"https:\/\/synnorelectric.com\/wp-content\/uploads\/2025\/10\/\u5357\u57df\u6807\u51c6\u4e0d\u9508\u94a2\u7535\u7bb1\u6237\u5916\u4e3b\u56fe8.jpg","type":"image\/jpeg"}],"twitter_card":"summary_large_image","schema":{"@context":"https:\/\/schema.org","@graph":[{"@type":"WebPage","@id":"https:\/\/olive-raven-374711.hostingersite.com\/fr\/product\/boitier-de-distribution-mural-en-acier-inoxydable-304\/","url":"https:\/\/olive-raven-374711.hostingersite.com\/fr\/product\/boitier-de-distribution-mural-en-acier-inoxydable-304\/","name":"SNS Outdoor 304 Stainless Steel IP66 IK10 Wall Mounting Electrical Enclosure Distribution Box - Synnor Electrical Enclosure","isPartOf":{"@id":"https:\/\/synnorelectric.com\/pt\/#website"},"primaryImageOfPage":{"@id":"https:\/\/olive-raven-374711.hostingersite.com\/fr\/product\/boitier-de-distribution-mural-en-acier-inoxydable-304\/#primaryimage"},"image":{"@id":"https:\/\/olive-raven-374711.hostingersite.com\/fr\/product\/boitier-de-distribution-mural-en-acier-inoxydable-304\/#primaryimage"},"thumbnailUrl":"https:\/\/synnorelectric.com\/wp-content\/uploads\/2025\/10\/\u5357\u57df\u6807\u51c6\u4e0d\u9508\u94a2\u7535\u7bb1\u6237\u5916\u4e3b\u56fe8.jpg","datePublished":"2025-10-17T03:55:16+00:00","dateModified":"2025-11-17T08:34:05+00:00","breadcrumb":{"@id":"https:\/\/olive-raven-374711.hostingersite.com\/fr\/product\/boitier-de-distribution-mural-en-acier-inoxydable-304\/#breadcrumb"},"inLanguage":"tr","potentialAction":[{"@type":"ReadAction","target":["https:\/\/olive-raven-374711.hostingersite.com\/fr\/product\/boitier-de-distribution-mural-en-acier-inoxydable-304\/"]}]},{"@type":"ImageObject","inLanguage":"tr","@id":"https:\/\/olive-raven-374711.hostingersite.com\/fr\/product\/boitier-de-distribution-mural-en-acier-inoxydable-304\/#primaryimage","url":"https:\/\/synnorelectric.com\/wp-content\/uploads\/2025\/10\/\u5357\u57df\u6807\u51c6\u4e0d\u9508\u94a2\u7535\u7bb1\u6237\u5916\u4e3b\u56fe8.jpg","contentUrl":"https:\/\/synnorelectric.com\/wp-content\/uploads\/2025\/10\/\u5357\u57df\u6807\u51c6\u4e0d\u9508\u94a2\u7535\u7bb1\u6237\u5916\u4e3b\u56fe8.jpg","width":1000,"height":1000,"caption":"sn 304 stainless steel wall mounted enclosure distribution box"},{"@type":"BreadcrumbList","@id":"https:\/\/olive-raven-374711.hostingersite.com\/fr\/product\/boitier-de-distribution-mural-en-acier-inoxydable-304\/#breadcrumb","itemListElement":[{"@type":"ListItem","position":1,"name":"\u9996\u9875","item":"https:\/\/olive-raven-374711.hostingersite.com\/th\/"},{"@type":"ListItem","position":2,"name":"Products","item":"https:\/\/synnorelectric.com\/pt\/product-2\/"},{"@type":"ListItem","position":3,"name":"SNS Outdoor 304 Stainless Steel IP66 IK10 Wall Mounting Electrical Enclosure Distribution Box"}]},{"@type":"WebSite","@id":"https:\/\/synnorelectric.com\/pt\/#website","url":"https:\/\/synnorelectric.com\/pt\/","name":"Synnor Elektrik Muhafazas\u0131","description":"G\u00fc\u00e7 Da\u011f\u0131t\u0131m Kutusu Fabrikas\u0131, Plastik Kutu Fabrikas\u0131, Su Ge\u00e7irmez Elektrik Kutusu Fabrikas\u0131, Elektrikli Ekipmanlar, Elektronik Cihaz Muhafazalar\u0131, Elektrik Da\u011f\u0131t\u0131m Panosu, Ev Tipi Da\u011f\u0131t\u0131m Kutusu, Elektrik Teli, Su Ge\u00e7irmez Plastik Kutu, Metal Muhafaza, Paslanmaz \u00c7elik Muhafaza, Metal Panel, Kontrol Paneli, ba\u011flant\u0131 kutusu, elektrik kutusu, elektrik paneli, elektrik dolab\u0131, da\u011f\u0131t\u0131m paneli, elektrik muhafazas\u0131, Elektrik Muhafazas\u0131, Birle\u015ftirici Kutu","publisher":{"@id":"https:\/\/synnorelectric.com\/pt\/#organization"},"potentialAction":[{"@type":"SearchAction","target":{"@type":"EntryPoint","urlTemplate":"https:\/\/synnorelectric.com\/pt\/?s={search_term_string}"},"query-input":{"@type":"PropertyValueSpecification","valueRequired":true,"valueName":"search_term_string"}}],"inLanguage":"tr"},{"@type":"Organization","@id":"https:\/\/synnorelectric.com\/pt\/#organization","name":"Synnor Elektrik Muhafazas\u0131","url":"https:\/\/synnorelectric.com\/pt\/","logo":{"@type":"ImageObject","inLanguage":"tr","@id":"https:\/\/synnorelectric.com\/pt\/#\/schema\/logo\/image\/","url":"https:\/\/synnorelectric.com\/wp-content\/uploads\/2025\/09\/logo-sn.png","contentUrl":"https:\/\/synnorelectric.com\/wp-content\/uploads\/2025\/09\/logo-sn.png","width":1024,"height":1024,"caption":"Synnor Electrical Enclosure"},"image":{"@id":"https:\/\/synnorelectric.com\/pt\/#\/schema\/logo\/image\/"}}]}},"spectra_custom_meta":{"surerank_seo_checks":["a:13:{s:14:\"h2_subheadings\";a:2:{s:6:\"status\";s:7:\"warning\";s:7:\"message\";s:42:\"The page does not contain any subheadings.\";}s:13:\"media_present\";a:2:{s:6:\"status\";s:7:\"success\";s:7:\"message\";s:55:\"This page includes images or videos to enhance content.\";}s:13:\"links_present\";a:2:{s:6:\"status\";s:7:\"warning\";s:7:\"message\";s:27:\"No links found on the page.\";}s:10:\"url_length\";a:2:{s:6:\"status\";s:7:\"warning\";s:7:\"message\";s:73:\"Page URL is longer than 90 characters and may affect SEO and readability.\";}s:19:\"search_engine_title\";a:2:{s:6:\"status\";s:7:\"warning\";s:7:\"message\";s:42:\"Search engine title exceeds 60 characters.\";}s:25:\"search_engine_description\";a:2:{s:6:\"status\";s:7:\"warning\";s:7:\"message\";s:49:\"Search engine description is missing on the page.\";}s:13:\"canonical_url\";a:2:{s:6:\"status\";s:7:\"success\";s:7:\"message\";s:37:\"Canonical tag is present on the page.\";}s:15:\"open_graph_tags\";a:2:{s:6:\"status\";s:7:\"success\";s:7:\"message\";s:40:\"Open Graph tags are present on the page.\";}s:16:\"keyword_in_title\";a:2:{s:6:\"status\";s:10:\"suggestion\";s:7:\"message\";s:38:\"No focus keyword set to analyze title.\";}s:22:\"keyword_in_description\";a:2:{s:6:\"status\";s:10:\"suggestion\";s:7:\"message\";s:49:\"No focus keyword set to analyze meta description.\";}s:14:\"keyword_in_url\";a:2:{s:6:\"status\";s:10:\"suggestion\";s:7:\"message\";s:36:\"No focus keyword set to analyze URL.\";}s:18:\"keyword_in_content\";a:2:{s:6:\"status\";s:10:\"suggestion\";s:7:\"message\";s:40:\"No focus keyword set to analyze content.\";}s:12:\"broken_links\";a:2:{s:6:\"status\";s:7:\"success\";s:7:\"message\";s:34:\"No broken links found on the page.\";}}"],"surerank_seo_checks_last_updated":["1764300214"],"_edit_last":["1"],"_edit_lock":["1763368445:1"],"total_sales":["0"],"_tax_status":["taxable"],"_tax_class":[""],"_manage_stock":["no"],"_backorders":["no"],"_sold_individually":["no"],"_virtual":["no"],"_downloadable":["no"],"_download_limit":["-1"],"_download_expiry":["-1"],"_stock":[null],"_stock_status":["instock"],"_wc_average_rating":["0"],"_wc_review_count":["0"],"_product_attributes":["a:3:{s:12:\"pa_ip-rating\";a:6:{s:4:\"name\";s:12:\"pa_ip-rating\";s:5:\"value\";s:0:\"\";s:8:\"position\";i:0;s:10:\"is_visible\";i:1;s:12:\"is_variation\";i:0;s:11:\"is_taxonomy\";i:1;}s:11:\"pa_material\";a:6:{s:4:\"name\";s:11:\"pa_material\";s:5:\"value\";s:0:\"\";s:8:\"position\";i:1;s:10:\"is_visible\";i:1;s:12:\"is_variation\";i:0;s:11:\"is_taxonomy\";i:1;}s:14:\"pa_application\";a:6:{s:4:\"name\";s:14:\"pa_application\";s:5:\"value\";s:0:\"\";s:8:\"position\";i:2;s:10:\"is_visible\";i:1;s:12:\"is_variation\";i:0;s:11:\"is_taxonomy\";i:1;}}"],"_product_version":["10.2.2"],"site-sidebar-layout":["default"],"ast-site-content-layout":["default"],"site-content-style":["default"],"site-sidebar-style":["default"],"theme-transparent-header-meta":["default"],"ekit_post_views_count":["469"],"_thumbnail_id":["2726"],"_wp_page_template":["default"],"_product_image_gallery":["2718,2719,2721,2722,2723,2724,2725"],"astra-migrate-meta-layouts":["set"],"_uag_css_file_name":["uag-css-1776.css"],"_elementor_page_assets":["a:0:{}"],"_uag_page_assets":["a:9:{s:3:\"css\";s:0:\"\";s:2:\"js\";s:0:\"\";s:18:\"current_block_list\";a:12:{i:0;s:11:\"core\/search\";i:1;s:10:\"core\/group\";i:2;s:12:\"core\/heading\";i:3;s:17:\"core\/latest-posts\";i:4;s:20:\"core\/latest-comments\";i:5;s:13:\"core\/archives\";i:6;s:15:\"core\/categories\";i:7;s:14:\"core\/paragraph\";i:8;s:10:\"core\/image\";i:9;s:14:\"core\/shortcode\";i:10;s:9:\"core\/list\";i:11;s:14:\"core\/list-item\";}s:8:\"uag_flag\";b:0;s:11:\"uag_version\";s:10:\"1776944858\";s:6:\"gfonts\";a:0:{}s:10:\"gfonts_url\";s:0:\"\";s:12:\"gfonts_files\";a:0:{}s:14:\"uag_faq_layout\";b:0;}"]},"uagb_featured_image_src":{"full":["https:\/\/synnorelectric.com\/wp-content\/uploads\/2025\/10\/\u5357\u57df\u6807\u51c6\u4e0d\u9508\u94a2\u7535\u7bb1\u6237\u5916\u4e3b\u56fe8.jpg",1000,1000,false],"thumbnail":["https:\/\/synnorelectric.com\/wp-content\/uploads\/2025\/10\/\u5357\u57df\u6807\u51c6\u4e0d\u9508\u94a2\u7535\u7bb1\u6237\u5916\u4e3b\u56fe8-150x150.jpg",150,150,true],"medium":["https:\/\/synnorelectric.com\/wp-content\/uploads\/2025\/10\/\u5357\u57df\u6807\u51c6\u4e0d\u9508\u94a2\u7535\u7bb1\u6237\u5916\u4e3b\u56fe8-300x300.jpg",300,300,true],"medium_large":["https:\/\/synnorelectric.com\/wp-content\/uploads\/2025\/10\/\u5357\u57df\u6807\u51c6\u4e0d\u9508\u94a2\u7535\u7bb1\u6237\u5916\u4e3b\u56fe8-768x768.jpg",768,768,true],"large":["https:\/\/synnorelectric.com\/wp-content\/uploads\/2025\/10\/\u5357\u57df\u6807\u51c6\u4e0d\u9508\u94a2\u7535\u7bb1\u6237\u5916\u4e3b\u56fe8.jpg",1000,1000,false],"1536x1536":["https:\/\/synnorelectric.com\/wp-content\/uploads\/2025\/10\/\u5357\u57df\u6807\u51c6\u4e0d\u9508\u94a2\u7535\u7bb1\u6237\u5916\u4e3b\u56fe8.jpg",1000,1000,false],"2048x2048":["https:\/\/synnorelectric.com\/wp-content\/uploads\/2025\/10\/\u5357\u57df\u6807\u51c6\u4e0d\u9508\u94a2\u7535\u7bb1\u6237\u5916\u4e3b\u56fe8.jpg",1000,1000,false],"trp-custom-language-flag":["https:\/\/synnorelectric.com\/wp-content\/uploads\/2025\/10\/\u5357\u57df\u6807\u51c6\u4e0d\u9508\u94a2\u7535\u7bb1\u6237\u5916\u4e3b\u56fe8.jpg",12,12,false],"woocommerce_thumbnail":["https:\/\/synnorelectric.com\/wp-content\/uploads\/2025\/10\/\u5357\u57df\u6807\u51c6\u4e0d\u9508\u94a2\u7535\u7bb1\u6237\u5916\u4e3b\u56fe8-300x300.jpg",300,300,true],"woocommerce_single":["https:\/\/synnorelectric.com\/wp-content\/uploads\/2025\/10\/\u5357\u57df\u6807\u51c6\u4e0d\u9508\u94a2\u7535\u7bb1\u6237\u5916\u4e3b\u56fe8-600x600.jpg",600,600,true],"woocommerce_gallery_thumbnail":["https:\/\/synnorelectric.com\/wp-content\/uploads\/2025\/10\/\u5357\u57df\u6807\u51c6\u4e0d\u9508\u94a2\u7535\u7bb1\u6237\u5916\u4e3b\u56fe8-100x100.jpg",100,100,true],"dgwt-wcas-product-suggestion":["https:\/\/synnorelectric.com\/wp-content\/uploads\/2025\/10\/\u5357\u57df\u6807\u51c6\u4e0d\u9508\u94a2\u7535\u7bb1\u6237\u5916\u4e3b\u56fe8-64x64.jpg",64,64,true]},"uagb_author_info":{"display_name":"missy0922","author_link":"https:\/\/synnorelectric.com\/tr\/author\/"},"uagb_comment_info":0,"uagb_excerpt":null,"_links":{"self":[{"href":"https:\/\/synnorelectric.com\/tr\/wp-json\/wp\/v2\/product\/1776","targetHints":{"allow":["GET"]}}],"collection":[{"href":"https:\/\/synnorelectric.com\/tr\/wp-json\/wp\/v2\/product"}],"about":[{"href":"https:\/\/synnorelectric.com\/tr\/wp-json\/wp\/v2\/types\/product"}],"version-history":[{"count":3,"href":"https:\/\/synnorelectric.com\/tr\/wp-json\/wp\/v2\/product\/1776\/revisions"}],"predecessor-version":[{"id":2728,"href":"https:\/\/synnorelectric.com\/tr\/wp-json\/wp\/v2\/product\/1776\/revisions\/2728"}],"wp:featuredmedia":[{"embeddable":true,"href":"https:\/\/synnorelectric.com\/tr\/wp-json\/wp\/v2\/media\/2726"}],"wp:attachment":[{"href":"https:\/\/synnorelectric.com\/tr\/wp-json\/wp\/v2\/media?parent=1776"}],"wp:term":[{"taxonomy":"product_brand","embeddable":true,"href":"https:\/\/synnorelectric.com\/tr\/wp-json\/wp\/v2\/product_brand?post=1776"},{"taxonomy":"product_cat","embeddable":true,"href":"https:\/\/synnorelectric.com\/tr\/wp-json\/wp\/v2\/product_cat?post=1776"},{"taxonomy":"product_tag","embeddable":true,"href":"https:\/\/synnorelectric.com\/tr\/wp-json\/wp\/v2\/product_tag?post=1776"}],"curies":[{"name":"wp","href":"https:\/\/api.w.org\/{rel}","templated":true}]}}